{"id":2772,"date":"2019-08-04T10:27:58","date_gmt":"2019-08-04T08:27:58","guid":{"rendered":"https:\/\/www.theartdesignlab.com\/product\/objets-perdus-falaise-attend\/"},"modified":"2019-12-23T17:22:33","modified_gmt":"2019-12-23T16:22:33","slug":"objets-perdus-falaise-attend","status":"publish","type":"product","link":"https:\/\/www.theartdesignlab.com\/en\/article\/objets-perdus-falaise-attend\/","title":{"rendered":"OBJETS PERDUS \/ LA FALAISE ATTEND"},"content":{"rendered":"<p>N\u00e9 \u00e0 Messine, il est dipl\u00f4m\u00e9 en architecture avec Franco Purini, avec lequel il a collabor\u00e9 \u00e0 certains projets en Sicile.<br \/>\nDans les ann\u00e9es 80, il s\u2019installe \u00e0 Milan, o\u00f9 il vit et travaille. Au d\u00e9but des ann\u00e9es 90, il dirige le Master in Design de la Domus Academy, puis il dirige DDA, une joint-venture entre Domus Academy et Mitsubishi, alternant de longs voyages au Japon \u00e0 une activit\u00e9 de conf\u00e9rences, de le\u00e7ons et d\u2019ateliers dans diff\u00e9rents pays du monde. En 1999, il fonde Fragile, un studio de corporate identity, o\u00f9, parall\u00e8lement aux projets de positionnement strat\u00e9gique et de communication pour les entreprises et les institutions, il poursuit ses recherches personnelles sur le design. Pendant pr\u00e8s de dix ans, il est membre du Olivetti Design Studio, o\u00f9 il con\u00e7oit avec Michele De Lucchi les ordinateurs personnels et les distributeurs de billets.<br \/>\nAu cours de la m\u00eame p\u00e9riode, il \u00e9tudie comment donner un visage domestique \u00e0 l\u2019innovation technologique, en concevant des concepts design et des produits pour Philips, Siemens et Matsushita Denku.<br \/>\nDe 2005 \u00e0 2015, il enseigne la Corporate Identity \u00e0 l\u2019Universit\u00e9 de G\u00eanes et, depuis 2013, le Brand Design du cours de sp\u00e9cialisation en Product Design de la Naba \u00e0 Milan. Depuis 2016, il est Design Advisor pour la Korea Craft &amp; Design Foundation. Des exp\u00e9riences esth\u00e9tiques qui distinguent son oeuvre naissent \u00e9galement ses objets, centr\u00e9s sur la relation entre g\u00e9om\u00e9tries instables et sculpture et presque toujours accompagn\u00e9s de dessins et de petites histoires illustr\u00e9es. Il dessine avec une certaine continuit\u00e9 pour Alessi, cr\u00e9ant des produits inattendus, notamment une ligne de corbeilles La Stanza dello Scirocco (Good Design 2010), la s\u00e9rie de timbales en silicone et de moules en cuivre Il Tempo della Festa (Design Plus 2013 et Mention d\u2019honneur au XXIII Compasso d\u2019Oro ADI).<br \/>\nEn 2014, il con\u00e7oit la cafeti\u00e8re Ossidiana, remportant le prestigieux prix XXIV ADI Compasso d\u2019Oro, le Red Dot Award, l\u2019International Design Award Silver et la marque DfA-Quality Design for All. Entre 2015 et 2016, il a autoproduit les collections Oggetti Smarriti et Strawberry Fields Forever, exercices de limite sur l\u2019avenir de nouveaux objets domestiques instables mais optimistes.<br \/>\nEn mars 2017, il pr\u00e9sente Swan, un robinet sculptural aux performances technologiques \u00e9lev\u00e9es d\u00e9velopp\u00e9 pour Hansa et Alessi (Good Design 2017).<br \/>\nEn avril 2017, il con\u00e7oit pour Salvatore Ferragamo une ligne de tissus imprim\u00e9s pour une collection de capsules cr\u00e9\u00e9e en Orange Fiber. En 2018, il r\u00e9alise pour De Castelli Samotracia, une moto en cuivre qui s\u2019oxyde lentement et vire au vert en un si\u00e8cle, proposant une interpr\u00e9tation de l\u2019esth\u00e9tique du mouvement et surtout une r\u00e9flexion sur le temps qui passe sur la vie de nos objets.<br \/>\nLa premi\u00e8re exposition solo de Mario Trimarchi, intitul\u00e9e \u00ab Mario Trimarchi. Un romantique radical. R\u00e9flexions, dessins et objets en \u00e9quilibre \u00bb a \u00e9t\u00e9 ouverte \u00e0 l\u2019Institut Culturel Italien de Paris en juin 2019 et pr\u00e9sente une narrative po\u00e9tique en 26 dessins originaux, objets et prototypes.<br \/>\n\u00c0 la m\u00eame p\u00e9riode, durant la Design Week de Barcelone, l\u2019Institut Culturel Italien a organis\u00e9 une exposition de dessins de Mario Trimarchi, intitul\u00e9e \u00ab Transitions : the search for the boundary between useful and useless \u00bb.<\/p>\n","protected":false},"excerpt":{"rendered":"<p><strong>Description<\/strong> :<br \/>\nEsquisse. Oeuvre unique. Sign\u00e9 au recto.<\/p>\n<p><strong>Technique<\/strong> :<br \/>\nEncre sur papier coton.<\/p>\n<p><strong>Dimensions<\/strong> :<br \/>\nH50cm x l70cm.<\/p>\n","protected":false},"featured_media":2425,"template":"","meta":{"_acf_changed":false},"product_brand":[],"product_cat":[38,131],"product_tag":[],"class_list":{"0":"post-2772","1":"product","2":"type-product","3":"status-publish","4":"has-post-thumbnail","6":"product_cat-designers-en","7":"product_cat-mario-trimarchi-en-2","9":"first","10":"instock","11":"sold-individually","12":"taxable","13":"shipping-taxable","14":"purchasable","15":"product-type-simple"},"acf":[],"yoast_head":"<!-- This site is optimized with the Yoast SEO plugin v26.0 - https:\/\/yoast.com\/wordpress\/plugins\/seo\/ -->\n<title>OBJETS PERDUS \/ LA FALAISE ATTEND - The Art Design Lab<\/title>\n<meta name=\"description\" content=\"D\u00e9couvrez le dessin de Mario Trimarchi et autres oeuvres uniques et originales de designers internationaux de The Art Design Lab.\" \/>\n<meta name=\"robots\" content=\"index, follow, max-snippet:-1, max-image-preview:large, max-video-preview:-1\" \/>\n<link rel=\"canonical\" href=\"https:\/\/www.theartdesignlab.com\/en\/article\/objets-perdus-falaise-attend\/\" \/>\n<meta property=\"og:locale\" content=\"en_US\" \/>\n<meta property=\"og:type\" content=\"article\" \/>\n<meta property=\"og:title\" content=\"OBJETS PERDUS \/ LA FALAISE ATTEND - The Art Design Lab\" \/>\n<meta property=\"og:description\" content=\"D\u00e9couvrez le dessin de Mario Trimarchi et autres oeuvres uniques et originales de designers internationaux de The Art Design Lab.\" \/>\n<meta property=\"og:url\" content=\"https:\/\/www.theartdesignlab.com\/en\/article\/objets-perdus-falaise-attend\/\" \/>\n<meta property=\"og:site_name\" content=\"The Art Design Lab\" \/>\n<meta property=\"article:publisher\" content=\"https:\/\/www.facebook.com\/Theartdesignlab\/\" \/>\n<meta property=\"article:modified_time\" content=\"2019-12-23T16:22:33+00:00\" \/>\n<meta property=\"og:image\" content=\"https:\/\/www.theartdesignlab.com\/wp-content\/uploads\/2019\/08\/Mario-Trimarchi_LOST-ITEMS_THE-CLIFF-IS-WAITING_700x500-mm_2012.jpg\" \/>\n\t<meta property=\"og:image:width\" content=\"1\" \/>\n\t<meta property=\"og:image:height\" content=\"1\" \/>\n\t<meta property=\"og:image:type\" content=\"image\/jpeg\" \/>\n<meta name=\"twitter:card\" content=\"summary_large_image\" \/>\n<meta name=\"twitter:site\" content=\"@THEARTDESIGNLAB\" \/>\n<meta name=\"twitter:label1\" content=\"Est. reading time\" \/>\n\t<meta name=\"twitter:data1\" content=\"3 minutes\" \/>\n<script type=\"application\/ld+json\" class=\"yoast-schema-graph\">{\"@context\":\"https:\/\/schema.org\",\"@graph\":[{\"@type\":\"WebPage\",\"@id\":\"https:\/\/www.theartdesignlab.com\/en\/article\/objets-perdus-falaise-attend\/\",\"url\":\"https:\/\/www.theartdesignlab.com\/en\/article\/objets-perdus-falaise-attend\/\",\"name\":\"OBJETS PERDUS \/ LA FALAISE ATTEND - The Art Design Lab\",\"isPartOf\":{\"@id\":\"https:\/\/www.theartdesignlab.com\/#website\"},\"primaryImageOfPage\":{\"@id\":\"https:\/\/www.theartdesignlab.com\/en\/article\/objets-perdus-falaise-attend\/#primaryimage\"},\"image\":{\"@id\":\"https:\/\/www.theartdesignlab.com\/en\/article\/objets-perdus-falaise-attend\/#primaryimage\"},\"thumbnailUrl\":\"https:\/\/www.theartdesignlab.com\/wp-content\/uploads\/2019\/08\/Mario-Trimarchi_LOST-ITEMS_THE-CLIFF-IS-WAITING_700x500-mm_2012.jpg\",\"datePublished\":\"2019-08-04T08:27:58+00:00\",\"dateModified\":\"2019-12-23T16:22:33+00:00\",\"description\":\"D\u00e9couvrez le dessin de Mario Trimarchi et autres oeuvres uniques et originales de designers internationaux de The Art Design Lab.\",\"breadcrumb\":{\"@id\":\"https:\/\/www.theartdesignlab.com\/en\/article\/objets-perdus-falaise-attend\/#breadcrumb\"},\"inLanguage\":\"en-US\",\"potentialAction\":[{\"@type\":\"ReadAction\",\"target\":[\"https:\/\/www.theartdesignlab.com\/en\/article\/objets-perdus-falaise-attend\/\"]}]},{\"@type\":\"ImageObject\",\"inLanguage\":\"en-US\",\"@id\":\"https:\/\/www.theartdesignlab.com\/en\/article\/objets-perdus-falaise-attend\/#primaryimage\",\"url\":\"https:\/\/www.theartdesignlab.com\/wp-content\/uploads\/2019\/08\/Mario-Trimarchi_LOST-ITEMS_THE-CLIFF-IS-WAITING_700x500-mm_2012.jpg\",\"contentUrl\":\"https:\/\/www.theartdesignlab.com\/wp-content\/uploads\/2019\/08\/Mario-Trimarchi_LOST-ITEMS_THE-CLIFF-IS-WAITING_700x500-mm_2012.jpg\"},{\"@type\":\"BreadcrumbList\",\"@id\":\"https:\/\/www.theartdesignlab.com\/en\/article\/objets-perdus-falaise-attend\/#breadcrumb\",\"itemListElement\":[{\"@type\":\"ListItem\",\"position\":1,\"name\":\"Accueil\",\"item\":\"https:\/\/www.theartdesignlab.com\/en\/\"},{\"@type\":\"ListItem\",\"position\":2,\"name\":\"Shop\",\"item\":\"https:\/\/www.theartdesignlab.com\/en\/shop-2\/\"},{\"@type\":\"ListItem\",\"position\":3,\"name\":\"OBJETS PERDUS \/ LA FALAISE ATTEND\"}]},{\"@type\":\"WebSite\",\"@id\":\"https:\/\/www.theartdesignlab.com\/#website\",\"url\":\"https:\/\/www.theartdesignlab.com\/\",\"name\":\"The Art Design Lab\",\"description\":\"\",\"publisher\":{\"@id\":\"https:\/\/www.theartdesignlab.com\/#organization\"},\"potentialAction\":[{\"@type\":\"SearchAction\",\"target\":{\"@type\":\"EntryPoint\",\"urlTemplate\":\"https:\/\/www.theartdesignlab.com\/?s={search_term_string}\"},\"query-input\":{\"@type\":\"PropertyValueSpecification\",\"valueRequired\":true,\"valueName\":\"search_term_string\"}}],\"inLanguage\":\"en-US\"},{\"@type\":\"Organization\",\"@id\":\"https:\/\/www.theartdesignlab.com\/#organization\",\"name\":\"The Art Design Lab\",\"url\":\"https:\/\/www.theartdesignlab.com\/\",\"logo\":{\"@type\":\"ImageObject\",\"inLanguage\":\"en-US\",\"@id\":\"https:\/\/www.theartdesignlab.com\/#\/schema\/logo\/image\/\",\"url\":\"https:\/\/www.theartdesignlab.com\/wp-content\/uploads\/2017\/09\/cropped-logo-2.png\",\"contentUrl\":\"https:\/\/www.theartdesignlab.com\/wp-content\/uploads\/2017\/09\/cropped-logo-2.png\",\"width\":469,\"height\":110,\"caption\":\"The Art Design Lab\"},\"image\":{\"@id\":\"https:\/\/www.theartdesignlab.com\/#\/schema\/logo\/image\/\"},\"sameAs\":[\"https:\/\/www.facebook.com\/Theartdesignlab\/\",\"https:\/\/x.com\/THEARTDESIGNLAB\",\"https:\/\/www.instagram.com\/theartdesignlab\/\",\"https:\/\/www.pinterest.fr\/theartdesignlab\/\"]}]}<\/script>\n<!-- \/ Yoast SEO plugin. -->","yoast_head_json":{"title":"OBJETS PERDUS \/ LA FALAISE ATTEND - The Art Design Lab","description":"D\u00e9couvrez le dessin de Mario Trimarchi et autres oeuvres uniques et originales de designers internationaux de The Art Design Lab.","robots":{"index":"index","follow":"follow","max-snippet":"max-snippet:-1","max-image-preview":"max-image-preview:large","max-video-preview":"max-video-preview:-1"},"canonical":"https:\/\/www.theartdesignlab.com\/en\/article\/objets-perdus-falaise-attend\/","og_locale":"en_US","og_type":"article","og_title":"OBJETS PERDUS \/ LA FALAISE ATTEND - The Art Design Lab","og_description":"D\u00e9couvrez le dessin de Mario Trimarchi et autres oeuvres uniques et originales de designers internationaux de The Art Design Lab.","og_url":"https:\/\/www.theartdesignlab.com\/en\/article\/objets-perdus-falaise-attend\/","og_site_name":"The Art Design Lab","article_publisher":"https:\/\/www.facebook.com\/Theartdesignlab\/","article_modified_time":"2019-12-23T16:22:33+00:00","og_image":[{"url":"https:\/\/www.theartdesignlab.com\/wp-content\/uploads\/2019\/08\/Mario-Trimarchi_LOST-ITEMS_THE-CLIFF-IS-WAITING_700x500-mm_2012.jpg","width":1,"height":1,"type":"image\/jpeg"}],"twitter_card":"summary_large_image","twitter_site":"@THEARTDESIGNLAB","twitter_misc":{"Est. reading time":"3 minutes"},"schema":{"@context":"https:\/\/schema.org","@graph":[{"@type":"WebPage","@id":"https:\/\/www.theartdesignlab.com\/en\/article\/objets-perdus-falaise-attend\/","url":"https:\/\/www.theartdesignlab.com\/en\/article\/objets-perdus-falaise-attend\/","name":"OBJETS PERDUS \/ LA FALAISE ATTEND - The Art Design Lab","isPartOf":{"@id":"https:\/\/www.theartdesignlab.com\/#website"},"primaryImageOfPage":{"@id":"https:\/\/www.theartdesignlab.com\/en\/article\/objets-perdus-falaise-attend\/#primaryimage"},"image":{"@id":"https:\/\/www.theartdesignlab.com\/en\/article\/objets-perdus-falaise-attend\/#primaryimage"},"thumbnailUrl":"https:\/\/www.theartdesignlab.com\/wp-content\/uploads\/2019\/08\/Mario-Trimarchi_LOST-ITEMS_THE-CLIFF-IS-WAITING_700x500-mm_2012.jpg","datePublished":"2019-08-04T08:27:58+00:00","dateModified":"2019-12-23T16:22:33+00:00","description":"D\u00e9couvrez le dessin de Mario Trimarchi et autres oeuvres uniques et originales de designers internationaux de The Art Design Lab.","breadcrumb":{"@id":"https:\/\/www.theartdesignlab.com\/en\/article\/objets-perdus-falaise-attend\/#breadcrumb"},"inLanguage":"en-US","potentialAction":[{"@type":"ReadAction","target":["https:\/\/www.theartdesignlab.com\/en\/article\/objets-perdus-falaise-attend\/"]}]},{"@type":"ImageObject","inLanguage":"en-US","@id":"https:\/\/www.theartdesignlab.com\/en\/article\/objets-perdus-falaise-attend\/#primaryimage","url":"https:\/\/www.theartdesignlab.com\/wp-content\/uploads\/2019\/08\/Mario-Trimarchi_LOST-ITEMS_THE-CLIFF-IS-WAITING_700x500-mm_2012.jpg","contentUrl":"https:\/\/www.theartdesignlab.com\/wp-content\/uploads\/2019\/08\/Mario-Trimarchi_LOST-ITEMS_THE-CLIFF-IS-WAITING_700x500-mm_2012.jpg"},{"@type":"BreadcrumbList","@id":"https:\/\/www.theartdesignlab.com\/en\/article\/objets-perdus-falaise-attend\/#breadcrumb","itemListElement":[{"@type":"ListItem","position":1,"name":"Accueil","item":"https:\/\/www.theartdesignlab.com\/en\/"},{"@type":"ListItem","position":2,"name":"Shop","item":"https:\/\/www.theartdesignlab.com\/en\/shop-2\/"},{"@type":"ListItem","position":3,"name":"OBJETS PERDUS \/ LA FALAISE ATTEND"}]},{"@type":"WebSite","@id":"https:\/\/www.theartdesignlab.com\/#website","url":"https:\/\/www.theartdesignlab.com\/","name":"The Art Design Lab","description":"","publisher":{"@id":"https:\/\/www.theartdesignlab.com\/#organization"},"potentialAction":[{"@type":"SearchAction","target":{"@type":"EntryPoint","urlTemplate":"https:\/\/www.theartdesignlab.com\/?s={search_term_string}"},"query-input":{"@type":"PropertyValueSpecification","valueRequired":true,"valueName":"search_term_string"}}],"inLanguage":"en-US"},{"@type":"Organization","@id":"https:\/\/www.theartdesignlab.com\/#organization","name":"The Art Design Lab","url":"https:\/\/www.theartdesignlab.com\/","logo":{"@type":"ImageObject","inLanguage":"en-US","@id":"https:\/\/www.theartdesignlab.com\/#\/schema\/logo\/image\/","url":"https:\/\/www.theartdesignlab.com\/wp-content\/uploads\/2017\/09\/cropped-logo-2.png","contentUrl":"https:\/\/www.theartdesignlab.com\/wp-content\/uploads\/2017\/09\/cropped-logo-2.png","width":469,"height":110,"caption":"The Art Design Lab"},"image":{"@id":"https:\/\/www.theartdesignlab.com\/#\/schema\/logo\/image\/"},"sameAs":["https:\/\/www.facebook.com\/Theartdesignlab\/","https:\/\/x.com\/THEARTDESIGNLAB","https:\/\/www.instagram.com\/theartdesignlab\/","https:\/\/www.pinterest.fr\/theartdesignlab\/"]}]}},"_links":{"self":[{"href":"https:\/\/www.theartdesignlab.com\/en\/wp-json\/wp\/v2\/product\/2772","targetHints":{"allow":["GET"]}}],"collection":[{"href":"https:\/\/www.theartdesignlab.com\/en\/wp-json\/wp\/v2\/product"}],"about":[{"href":"https:\/\/www.theartdesignlab.com\/en\/wp-json\/wp\/v2\/types\/product"}],"wp:featuredmedia":[{"embeddable":true,"href":"https:\/\/www.theartdesignlab.com\/en\/wp-json\/wp\/v2\/media\/2425"}],"wp:attachment":[{"href":"https:\/\/www.theartdesignlab.com\/en\/wp-json\/wp\/v2\/media?parent=2772"}],"wp:term":[{"taxonomy":"product_brand","embeddable":true,"href":"https:\/\/www.theartdesignlab.com\/en\/wp-json\/wp\/v2\/product_brand?post=2772"},{"taxonomy":"product_cat","embeddable":true,"href":"https:\/\/www.theartdesignlab.com\/en\/wp-json\/wp\/v2\/product_cat?post=2772"},{"taxonomy":"product_tag","embeddable":true,"href":"https:\/\/www.theartdesignlab.com\/en\/wp-json\/wp\/v2\/product_tag?post=2772"}],"curies":[{"name":"wp","href":"https:\/\/api.w.org\/{rel}","templated":true}]}}