{"id":3145,"date":"2019-11-20T18:00:53","date_gmt":"2019-11-20T17:00:53","guid":{"rendered":"https:\/\/www.theartdesignlab.com\/?post_type=product&#038;p=3145"},"modified":"2019-11-22T17:33:53","modified_gmt":"2019-11-22T16:33:53","slug":"nero-vazo-a-studio-nocc","status":"publish","type":"product","link":"https:\/\/www.theartdesignlab.com\/en\/article\/nero-vazo-a-studio-nocc\/","title":{"rendered":"Ner\u00f3 V\u00e1zo A &#8211; Arch\u00e9ologie Utopique &#8211; Studio Nocc"},"content":{"rendered":"<p>NER\u00d3 V\u00c1ZO A<br \/>\nVase of water in Greek and namesake of Black Vase in Italian _ is a unique piece carved in Morta staur\u00e9 water, dating from the VI \u00b0 millennium BC. J.-C., imagined by Juan Pablo Naranjo and Jean-Christophe Orthlieb, designers and co-founders of the NOCC design studio and realized by the Atelier d&#8217;Eb\u00e9nisterie Escoffre.<\/p>\n<p>This work is the first of the series &#8220;NER\u00d3 V\u00c1ZO&#8221; for which NOCC has developed the concept of Utopian Archeology.<\/p>\n<p>NER\u00d3 V\u00c1ZO A was born from a meeting between the NOCC design studio, the Eb\u00e9nisterie Escoffre and Antique Wood Workshop. This unique work is carved in a wood of more than 8000 years old called Morta.<\/p>\n<p>Morta is a wood from trees that have been buried for millennia in the swamp mud. This very particular environment preserved them and transformed them into partially petrified wood.<\/p>\n<p>The creative approach of the NOCC studio blurs the charts of time and represents a contemporary version of a Neolithic amphora. The result obtained is an object of imaginary and unique archeology: the surface and material effects are made with tools similar to those used in the Neolithic, and its shape is inspired by containers made by men at that time.<\/p>\n<p>This object of utopian archeology makes it possible to materialize a precise moment of human and geographical history, and to symbolize a footprint in time. The adjustment of the techniques of turning and sculpture allowed the workshop Escoffre to work in an exceptional way the waterlogged matter, of an extreme fragility, and to obtain the smoothness and the regularity of the drawing.<\/p>\n<p>The NOCC Studio revealed for the first time this piece at Christie&#8217;s Paris, under the curation of The Art Design Lab.<\/p>\n","protected":false},"excerpt":{"rendered":"<p>Original pieces representing the research work of the NOCC studio on the design, the creation of the original piece, the history of the Morta, the tests of the Eb\u00e9nisterie Escoffre workshop.<br \/>\nDrawings, sketches, 3D prototype, research on wood, material: Morta.<br \/>\nFraming in oak wood by Atelier Escoffre &#8211; plexiglass.<br \/>\nDimensions:<br \/>\nPrice upon request<\/p>\n","protected":false},"featured_media":3165,"template":"","meta":{"_acf_changed":false},"product_brand":[],"product_cat":[128],"product_tag":[],"class_list":{"0":"post-3145","1":"product","2":"type-product","3":"status-publish","4":"has-post-thumbnail","6":"product_cat-studio-nocc-en-designers","8":"first","9":"instock","10":"taxable","11":"shipping-taxable","12":"product-type-simple"},"acf":[],"yoast_head":"<!-- This site is optimized with the Yoast SEO plugin v26.0 - https:\/\/yoast.com\/wordpress\/plugins\/seo\/ -->\n<title>Ner\u00f3 V\u00e1zo A - Arch\u00e9ologie Utopique - Studio Nocc - The Art Design Lab<\/title>\n<meta name=\"robots\" content=\"index, follow, max-snippet:-1, max-image-preview:large, max-video-preview:-1\" \/>\n<link rel=\"canonical\" href=\"https:\/\/www.theartdesignlab.com\/en\/article\/nero-vazo-a-studio-nocc\/\" \/>\n<meta property=\"og:locale\" content=\"en_US\" \/>\n<meta property=\"og:type\" content=\"article\" \/>\n<meta property=\"og:title\" content=\"Ner\u00f3 V\u00e1zo A - Arch\u00e9ologie Utopique - Studio Nocc - The Art Design Lab\" \/>\n<meta property=\"og:description\" content=\"Original pieces representing the research work of the NOCC studio on the design, the creation of the original piece, the history of the Morta, the tests of the Eb\u00e9nisterie Escoffre workshop. Drawings, sketches, 3D prototype, research on wood, material: Morta. Framing in oak wood by Atelier Escoffre - plexiglass. Dimensions: Price upon request\" \/>\n<meta property=\"og:url\" content=\"https:\/\/www.theartdesignlab.com\/en\/article\/nero-vazo-a-studio-nocc\/\" \/>\n<meta property=\"og:site_name\" content=\"The Art Design Lab\" \/>\n<meta property=\"article:publisher\" content=\"https:\/\/www.facebook.com\/Theartdesignlab\/\" \/>\n<meta property=\"article:modified_time\" content=\"2019-11-22T16:33:53+00:00\" \/>\n<meta property=\"og:image\" content=\"https:\/\/www.theartdesignlab.com\/wp-content\/uploads\/2019\/11\/Cadre-recherches-NeroVazo-1024x707.jpg\" \/>\n\t<meta property=\"og:image:width\" content=\"1024\" \/>\n\t<meta property=\"og:image:height\" content=\"707\" \/>\n\t<meta property=\"og:image:type\" content=\"image\/jpeg\" \/>\n<meta name=\"twitter:card\" content=\"summary_large_image\" \/>\n<meta name=\"twitter:site\" content=\"@THEARTDESIGNLAB\" \/>\n<meta name=\"twitter:label1\" content=\"Est. reading time\" \/>\n\t<meta name=\"twitter:data1\" content=\"1 minute\" \/>\n<script type=\"application\/ld+json\" class=\"yoast-schema-graph\">{\"@context\":\"https:\/\/schema.org\",\"@graph\":[{\"@type\":\"WebPage\",\"@id\":\"https:\/\/www.theartdesignlab.com\/en\/article\/nero-vazo-a-studio-nocc\/\",\"url\":\"https:\/\/www.theartdesignlab.com\/en\/article\/nero-vazo-a-studio-nocc\/\",\"name\":\"Ner\u00f3 V\u00e1zo A - Arch\u00e9ologie Utopique - Studio Nocc - The Art Design Lab\",\"isPartOf\":{\"@id\":\"https:\/\/www.theartdesignlab.com\/#website\"},\"primaryImageOfPage\":{\"@id\":\"https:\/\/www.theartdesignlab.com\/en\/article\/nero-vazo-a-studio-nocc\/#primaryimage\"},\"image\":{\"@id\":\"https:\/\/www.theartdesignlab.com\/en\/article\/nero-vazo-a-studio-nocc\/#primaryimage\"},\"thumbnailUrl\":\"https:\/\/www.theartdesignlab.com\/wp-content\/uploads\/2019\/11\/Cadre-recherches-NeroVazo.jpg\",\"datePublished\":\"2019-11-20T17:00:53+00:00\",\"dateModified\":\"2019-11-22T16:33:53+00:00\",\"breadcrumb\":{\"@id\":\"https:\/\/www.theartdesignlab.com\/en\/article\/nero-vazo-a-studio-nocc\/#breadcrumb\"},\"inLanguage\":\"en-US\",\"potentialAction\":[{\"@type\":\"ReadAction\",\"target\":[\"https:\/\/www.theartdesignlab.com\/en\/article\/nero-vazo-a-studio-nocc\/\"]}]},{\"@type\":\"ImageObject\",\"inLanguage\":\"en-US\",\"@id\":\"https:\/\/www.theartdesignlab.com\/en\/article\/nero-vazo-a-studio-nocc\/#primaryimage\",\"url\":\"https:\/\/www.theartdesignlab.com\/wp-content\/uploads\/2019\/11\/Cadre-recherches-NeroVazo.jpg\",\"contentUrl\":\"https:\/\/www.theartdesignlab.com\/wp-content\/uploads\/2019\/11\/Cadre-recherches-NeroVazo.jpg\",\"width\":5206,\"height\":3593},{\"@type\":\"BreadcrumbList\",\"@id\":\"https:\/\/www.theartdesignlab.com\/en\/article\/nero-vazo-a-studio-nocc\/#breadcrumb\",\"itemListElement\":[{\"@type\":\"ListItem\",\"position\":1,\"name\":\"Accueil\",\"item\":\"https:\/\/www.theartdesignlab.com\/en\/\"},{\"@type\":\"ListItem\",\"position\":2,\"name\":\"Shop\",\"item\":\"https:\/\/www.theartdesignlab.com\/en\/shop-2\/\"},{\"@type\":\"ListItem\",\"position\":3,\"name\":\"Ner\u00f3 V\u00e1zo A &#8211; Arch\u00e9ologie Utopique &#8211; Studio Nocc\"}]},{\"@type\":\"WebSite\",\"@id\":\"https:\/\/www.theartdesignlab.com\/#website\",\"url\":\"https:\/\/www.theartdesignlab.com\/\",\"name\":\"The Art Design Lab\",\"description\":\"\",\"publisher\":{\"@id\":\"https:\/\/www.theartdesignlab.com\/#organization\"},\"potentialAction\":[{\"@type\":\"SearchAction\",\"target\":{\"@type\":\"EntryPoint\",\"urlTemplate\":\"https:\/\/www.theartdesignlab.com\/?s={search_term_string}\"},\"query-input\":{\"@type\":\"PropertyValueSpecification\",\"valueRequired\":true,\"valueName\":\"search_term_string\"}}],\"inLanguage\":\"en-US\"},{\"@type\":\"Organization\",\"@id\":\"https:\/\/www.theartdesignlab.com\/#organization\",\"name\":\"The Art Design Lab\",\"url\":\"https:\/\/www.theartdesignlab.com\/\",\"logo\":{\"@type\":\"ImageObject\",\"inLanguage\":\"en-US\",\"@id\":\"https:\/\/www.theartdesignlab.com\/#\/schema\/logo\/image\/\",\"url\":\"https:\/\/www.theartdesignlab.com\/wp-content\/uploads\/2017\/09\/cropped-logo-2.png\",\"contentUrl\":\"https:\/\/www.theartdesignlab.com\/wp-content\/uploads\/2017\/09\/cropped-logo-2.png\",\"width\":469,\"height\":110,\"caption\":\"The Art Design Lab\"},\"image\":{\"@id\":\"https:\/\/www.theartdesignlab.com\/#\/schema\/logo\/image\/\"},\"sameAs\":[\"https:\/\/www.facebook.com\/Theartdesignlab\/\",\"https:\/\/x.com\/THEARTDESIGNLAB\",\"https:\/\/www.instagram.com\/theartdesignlab\/\",\"https:\/\/www.pinterest.fr\/theartdesignlab\/\"]}]}<\/script>\n<!-- \/ Yoast SEO plugin. -->","yoast_head_json":{"title":"Ner\u00f3 V\u00e1zo A - Arch\u00e9ologie Utopique - Studio Nocc - The Art Design Lab","robots":{"index":"index","follow":"follow","max-snippet":"max-snippet:-1","max-image-preview":"max-image-preview:large","max-video-preview":"max-video-preview:-1"},"canonical":"https:\/\/www.theartdesignlab.com\/en\/article\/nero-vazo-a-studio-nocc\/","og_locale":"en_US","og_type":"article","og_title":"Ner\u00f3 V\u00e1zo A - Arch\u00e9ologie Utopique - Studio Nocc - The Art Design Lab","og_description":"Original pieces representing the research work of the NOCC studio on the design, the creation of the original piece, the history of the Morta, the tests of the Eb\u00e9nisterie Escoffre workshop. Drawings, sketches, 3D prototype, research on wood, material: Morta. Framing in oak wood by Atelier Escoffre - plexiglass. Dimensions: Price upon request","og_url":"https:\/\/www.theartdesignlab.com\/en\/article\/nero-vazo-a-studio-nocc\/","og_site_name":"The Art Design Lab","article_publisher":"https:\/\/www.facebook.com\/Theartdesignlab\/","article_modified_time":"2019-11-22T16:33:53+00:00","og_image":[{"width":1024,"height":707,"url":"https:\/\/www.theartdesignlab.com\/wp-content\/uploads\/2019\/11\/Cadre-recherches-NeroVazo-1024x707.jpg","type":"image\/jpeg"}],"twitter_card":"summary_large_image","twitter_site":"@THEARTDESIGNLAB","twitter_misc":{"Est. reading time":"1 minute"},"schema":{"@context":"https:\/\/schema.org","@graph":[{"@type":"WebPage","@id":"https:\/\/www.theartdesignlab.com\/en\/article\/nero-vazo-a-studio-nocc\/","url":"https:\/\/www.theartdesignlab.com\/en\/article\/nero-vazo-a-studio-nocc\/","name":"Ner\u00f3 V\u00e1zo A - Arch\u00e9ologie Utopique - Studio Nocc - The Art Design Lab","isPartOf":{"@id":"https:\/\/www.theartdesignlab.com\/#website"},"primaryImageOfPage":{"@id":"https:\/\/www.theartdesignlab.com\/en\/article\/nero-vazo-a-studio-nocc\/#primaryimage"},"image":{"@id":"https:\/\/www.theartdesignlab.com\/en\/article\/nero-vazo-a-studio-nocc\/#primaryimage"},"thumbnailUrl":"https:\/\/www.theartdesignlab.com\/wp-content\/uploads\/2019\/11\/Cadre-recherches-NeroVazo.jpg","datePublished":"2019-11-20T17:00:53+00:00","dateModified":"2019-11-22T16:33:53+00:00","breadcrumb":{"@id":"https:\/\/www.theartdesignlab.com\/en\/article\/nero-vazo-a-studio-nocc\/#breadcrumb"},"inLanguage":"en-US","potentialAction":[{"@type":"ReadAction","target":["https:\/\/www.theartdesignlab.com\/en\/article\/nero-vazo-a-studio-nocc\/"]}]},{"@type":"ImageObject","inLanguage":"en-US","@id":"https:\/\/www.theartdesignlab.com\/en\/article\/nero-vazo-a-studio-nocc\/#primaryimage","url":"https:\/\/www.theartdesignlab.com\/wp-content\/uploads\/2019\/11\/Cadre-recherches-NeroVazo.jpg","contentUrl":"https:\/\/www.theartdesignlab.com\/wp-content\/uploads\/2019\/11\/Cadre-recherches-NeroVazo.jpg","width":5206,"height":3593},{"@type":"BreadcrumbList","@id":"https:\/\/www.theartdesignlab.com\/en\/article\/nero-vazo-a-studio-nocc\/#breadcrumb","itemListElement":[{"@type":"ListItem","position":1,"name":"Accueil","item":"https:\/\/www.theartdesignlab.com\/en\/"},{"@type":"ListItem","position":2,"name":"Shop","item":"https:\/\/www.theartdesignlab.com\/en\/shop-2\/"},{"@type":"ListItem","position":3,"name":"Ner\u00f3 V\u00e1zo A &#8211; Arch\u00e9ologie Utopique &#8211; Studio Nocc"}]},{"@type":"WebSite","@id":"https:\/\/www.theartdesignlab.com\/#website","url":"https:\/\/www.theartdesignlab.com\/","name":"The Art Design Lab","description":"","publisher":{"@id":"https:\/\/www.theartdesignlab.com\/#organization"},"potentialAction":[{"@type":"SearchAction","target":{"@type":"EntryPoint","urlTemplate":"https:\/\/www.theartdesignlab.com\/?s={search_term_string}"},"query-input":{"@type":"PropertyValueSpecification","valueRequired":true,"valueName":"search_term_string"}}],"inLanguage":"en-US"},{"@type":"Organization","@id":"https:\/\/www.theartdesignlab.com\/#organization","name":"The Art Design Lab","url":"https:\/\/www.theartdesignlab.com\/","logo":{"@type":"ImageObject","inLanguage":"en-US","@id":"https:\/\/www.theartdesignlab.com\/#\/schema\/logo\/image\/","url":"https:\/\/www.theartdesignlab.com\/wp-content\/uploads\/2017\/09\/cropped-logo-2.png","contentUrl":"https:\/\/www.theartdesignlab.com\/wp-content\/uploads\/2017\/09\/cropped-logo-2.png","width":469,"height":110,"caption":"The Art Design Lab"},"image":{"@id":"https:\/\/www.theartdesignlab.com\/#\/schema\/logo\/image\/"},"sameAs":["https:\/\/www.facebook.com\/Theartdesignlab\/","https:\/\/x.com\/THEARTDESIGNLAB","https:\/\/www.instagram.com\/theartdesignlab\/","https:\/\/www.pinterest.fr\/theartdesignlab\/"]}]}},"_links":{"self":[{"href":"https:\/\/www.theartdesignlab.com\/en\/wp-json\/wp\/v2\/product\/3145","targetHints":{"allow":["GET"]}}],"collection":[{"href":"https:\/\/www.theartdesignlab.com\/en\/wp-json\/wp\/v2\/product"}],"about":[{"href":"https:\/\/www.theartdesignlab.com\/en\/wp-json\/wp\/v2\/types\/product"}],"wp:featuredmedia":[{"embeddable":true,"href":"https:\/\/www.theartdesignlab.com\/en\/wp-json\/wp\/v2\/media\/3165"}],"wp:attachment":[{"href":"https:\/\/www.theartdesignlab.com\/en\/wp-json\/wp\/v2\/media?parent=3145"}],"wp:term":[{"taxonomy":"product_brand","embeddable":true,"href":"https:\/\/www.theartdesignlab.com\/en\/wp-json\/wp\/v2\/product_brand?post=3145"},{"taxonomy":"product_cat","embeddable":true,"href":"https:\/\/www.theartdesignlab.com\/en\/wp-json\/wp\/v2\/product_cat?post=3145"},{"taxonomy":"product_tag","embeddable":true,"href":"https:\/\/www.theartdesignlab.com\/en\/wp-json\/wp\/v2\/product_tag?post=3145"}],"curies":[{"name":"wp","href":"https:\/\/api.w.org\/{rel}","templated":true}]}}