{"id":5458,"date":"2020-04-07T23:28:50","date_gmt":"2020-04-07T21:28:50","guid":{"rendered":"https:\/\/www.theartdesignlab.com\/product\/constance-guisset\/"},"modified":"2020-10-01T18:34:11","modified_gmt":"2020-10-01T16:34:11","slug":"constance-guisset","status":"publish","type":"product","link":"https:\/\/www.theartdesignlab.com\/en\/article\/constance-guisset\/","title":{"rendered":"Ghost"},"content":{"rendered":"<div class=\"content\">\n<p>Constance Guisset founded her studio specializing in design, interior architecture and scenography in 2009. Her work is marked by a search for balance between ergonomics, delicacy and imagination. Its objects are all attempts to explore the embodiment of movement through lightness or surprise, while defending a requirement of comfort and reception of the bodies and their gestures.<\/p>\n<p>After studying at ESSEC and Sciences Po, then a year at the Tokyo Parliament, Constance Guisset chose to turn to creation and entered the ENSCI \u2013 Les Ateliers from which she graduated in 2007.<br \/>\nIn 2008, she received the Grand Prix du Design from the City of Paris, the Prix du Public at the Design Parade from Villa Noailles and two VIA Project Aids. In 2010, she was named Designer of the Year at Maison &amp; Objet and won the Audi Talents Awards.<\/p>\n<p>Constance Guisset works with many French and foreign furniture publishers such as Petite Friture, Mustache, Tectona, Nature &amp; D\u00e9couvertes, Molteni, LaCividina, ZaoZuo, etc. The studio also designs industrial objects for LaCie \u2013 Seagate or jewelry for the MiniMasterpiece Gallery, for example.<\/p>\n<p>Since 2009, Constance Guisset has produced scenographies for shows, notably those of the ballets Le Funambule, Les Nuits, La Fresque et Winterreise by Angelin Preljocaj, the concert by Laurent Garnier at the Salle Pleyel or the choreography Everyness by the company Wang<br \/>\nRamirez. She also imagines exhibition scenographies for the Mus\u00e9e des Arts D\u00e9coratifs in Paris, the mus\u00e9e du quai Branly in Paris and the Palais des Beaux-Arts in Lille or for brands such as Galeries Lafayette and Molteni &amp; C (2011, Prize for the best scenography, D\u2019Days, Paris).<br \/>\nConstance Guisset also designs interior architecture projects, for Van Cleef &amp; Arpels (2019) and for Accor (2014). Since 2017, she has illustrated and written children\u2019s books, published by Albin Michel Jeunesse.<br \/>\nIn May 2012, a first solo exhibition was dedicated to the work of Constance Guisset, at the Chapelle des Calvairiennes, Center for Contemporary Art in the Pays de Mayenne. From September 2016 to January 2017, a retrospective takes place at the mudac (museum of contemporary design and applied art) in Lausanne. A monograph has been published for this<br \/>\nopportunity. An exhibition was dedicated to him at the Museum of Decorative Arts in Paris from November 2017 to March 2018. His work will be presented in a personal exhibition at Villa Noailles this summer and at the French Institute in Milan in 2021.<\/p>\n<\/div>\n","protected":false},"excerpt":{"rendered":"<p>Description<\/p>\n<p>Original work. Signed.<\/p>\n<p>Technical<\/p>\n<p>Colored pencils on paper<\/p>\n<p>Dimensions<\/p>\n<p>21 cm x 29.7 cm<\/p>\n<p>100% of the proceeds from the sale of this drawing will be donated to the Fondation de l&#8217;Assistance Publique-H\u00f4pitaux de Paris, Groupe Hospitalo-Universitaire AP-HP Sorbonne.<\/p>\n<p>Because of COVID-19, the work will be sent to you by the designer as soon as the confinement ends.<\/p>\n","protected":false},"featured_media":4818,"template":"","meta":{"_acf_changed":false},"product_brand":[],"product_cat":[215,38],"product_tag":[],"class_list":{"0":"post-5458","1":"product","2":"type-product","3":"status-publish","4":"has-post-thumbnail","6":"product_cat-constance-guisset-en","7":"product_cat-designers-en","9":"first","10":"outofstock","11":"virtual","12":"taxable","13":"product-type-simple"},"acf":[],"yoast_head":"<!-- This site is optimized with the Yoast SEO plugin v26.0 - https:\/\/yoast.com\/wordpress\/plugins\/seo\/ -->\n<title>CONSTANCE GUISSET - Designer - The Art Design Lab<\/title>\n<meta name=\"description\" content=\"Discover the drawing of Constance Guisset, Designer, for Design for Life, in favor of Fondation de l&#039;Assistance Publique-Hopitaux de Paris\" \/>\n<meta name=\"robots\" content=\"index, follow, max-snippet:-1, max-image-preview:large, max-video-preview:-1\" \/>\n<link rel=\"canonical\" href=\"https:\/\/www.theartdesignlab.com\/en\/article\/constance-guisset\/\" \/>\n<meta property=\"og:locale\" content=\"en_US\" \/>\n<meta property=\"og:type\" content=\"article\" \/>\n<meta property=\"og:title\" content=\"CONSTANCE GUISSET - Designer - The Art Design Lab\" \/>\n<meta property=\"og:description\" content=\"Discover the drawing of Constance Guisset, Designer, for Design for Life, in favor of Fondation de l&#039;Assistance Publique-Hopitaux de Paris\" \/>\n<meta property=\"og:url\" content=\"https:\/\/www.theartdesignlab.com\/en\/article\/constance-guisset\/\" \/>\n<meta property=\"og:site_name\" content=\"The Art Design Lab\" \/>\n<meta property=\"article:publisher\" content=\"https:\/\/www.facebook.com\/Theartdesignlab\/\" \/>\n<meta property=\"article:modified_time\" content=\"2020-10-01T16:34:11+00:00\" \/>\n<meta property=\"og:image\" content=\"https:\/\/www.theartdesignlab.com\/wp-content\/uploads\/2020\/04\/Ghost0016-728x1024.jpg\" \/>\n\t<meta property=\"og:image:width\" content=\"728\" \/>\n\t<meta property=\"og:image:height\" content=\"1024\" \/>\n\t<meta property=\"og:image:type\" content=\"image\/jpeg\" \/>\n<meta name=\"twitter:card\" content=\"summary_large_image\" \/>\n<meta name=\"twitter:site\" content=\"@THEARTDESIGNLAB\" \/>\n<meta name=\"twitter:label1\" content=\"Est. reading time\" \/>\n\t<meta name=\"twitter:data1\" content=\"2 minutes\" \/>\n<script type=\"application\/ld+json\" class=\"yoast-schema-graph\">{\"@context\":\"https:\/\/schema.org\",\"@graph\":[{\"@type\":\"WebPage\",\"@id\":\"https:\/\/www.theartdesignlab.com\/en\/article\/constance-guisset\/\",\"url\":\"https:\/\/www.theartdesignlab.com\/en\/article\/constance-guisset\/\",\"name\":\"CONSTANCE GUISSET - Designer - The Art Design Lab\",\"isPartOf\":{\"@id\":\"https:\/\/www.theartdesignlab.com\/#website\"},\"primaryImageOfPage\":{\"@id\":\"https:\/\/www.theartdesignlab.com\/en\/article\/constance-guisset\/#primaryimage\"},\"image\":{\"@id\":\"https:\/\/www.theartdesignlab.com\/en\/article\/constance-guisset\/#primaryimage\"},\"thumbnailUrl\":\"https:\/\/www.theartdesignlab.com\/wp-content\/uploads\/2020\/04\/Ghost0016.jpg\",\"datePublished\":\"2020-04-07T21:28:50+00:00\",\"dateModified\":\"2020-10-01T16:34:11+00:00\",\"description\":\"Discover the drawing of Constance Guisset, Designer, for Design for Life, in favor of Fondation de l'Assistance Publique-Hopitaux de Paris\",\"breadcrumb\":{\"@id\":\"https:\/\/www.theartdesignlab.com\/en\/article\/constance-guisset\/#breadcrumb\"},\"inLanguage\":\"en-US\",\"potentialAction\":[{\"@type\":\"ReadAction\",\"target\":[\"https:\/\/www.theartdesignlab.com\/en\/article\/constance-guisset\/\"]}]},{\"@type\":\"ImageObject\",\"inLanguage\":\"en-US\",\"@id\":\"https:\/\/www.theartdesignlab.com\/en\/article\/constance-guisset\/#primaryimage\",\"url\":\"https:\/\/www.theartdesignlab.com\/wp-content\/uploads\/2020\/04\/Ghost0016.jpg\",\"contentUrl\":\"https:\/\/www.theartdesignlab.com\/wp-content\/uploads\/2020\/04\/Ghost0016.jpg\",\"width\":3253,\"height\":4576,\"caption\":\"CONSTANCE GUISSET\"},{\"@type\":\"BreadcrumbList\",\"@id\":\"https:\/\/www.theartdesignlab.com\/en\/article\/constance-guisset\/#breadcrumb\",\"itemListElement\":[{\"@type\":\"ListItem\",\"position\":1,\"name\":\"Accueil\",\"item\":\"https:\/\/www.theartdesignlab.com\/en\/\"},{\"@type\":\"ListItem\",\"position\":2,\"name\":\"Shop\",\"item\":\"https:\/\/www.theartdesignlab.com\/en\/shop-2\/\"},{\"@type\":\"ListItem\",\"position\":3,\"name\":\"Ghost\"}]},{\"@type\":\"WebSite\",\"@id\":\"https:\/\/www.theartdesignlab.com\/#website\",\"url\":\"https:\/\/www.theartdesignlab.com\/\",\"name\":\"The Art Design Lab\",\"description\":\"\",\"publisher\":{\"@id\":\"https:\/\/www.theartdesignlab.com\/#organization\"},\"potentialAction\":[{\"@type\":\"SearchAction\",\"target\":{\"@type\":\"EntryPoint\",\"urlTemplate\":\"https:\/\/www.theartdesignlab.com\/?s={search_term_string}\"},\"query-input\":{\"@type\":\"PropertyValueSpecification\",\"valueRequired\":true,\"valueName\":\"search_term_string\"}}],\"inLanguage\":\"en-US\"},{\"@type\":\"Organization\",\"@id\":\"https:\/\/www.theartdesignlab.com\/#organization\",\"name\":\"The Art Design Lab\",\"url\":\"https:\/\/www.theartdesignlab.com\/\",\"logo\":{\"@type\":\"ImageObject\",\"inLanguage\":\"en-US\",\"@id\":\"https:\/\/www.theartdesignlab.com\/#\/schema\/logo\/image\/\",\"url\":\"https:\/\/www.theartdesignlab.com\/wp-content\/uploads\/2017\/09\/cropped-logo-2.png\",\"contentUrl\":\"https:\/\/www.theartdesignlab.com\/wp-content\/uploads\/2017\/09\/cropped-logo-2.png\",\"width\":469,\"height\":110,\"caption\":\"The Art Design Lab\"},\"image\":{\"@id\":\"https:\/\/www.theartdesignlab.com\/#\/schema\/logo\/image\/\"},\"sameAs\":[\"https:\/\/www.facebook.com\/Theartdesignlab\/\",\"https:\/\/x.com\/THEARTDESIGNLAB\",\"https:\/\/www.instagram.com\/theartdesignlab\/\",\"https:\/\/www.pinterest.fr\/theartdesignlab\/\"]}]}<\/script>\n<!-- \/ Yoast SEO plugin. -->","yoast_head_json":{"title":"CONSTANCE GUISSET - Designer - The Art Design Lab","description":"Discover the drawing of Constance Guisset, Designer, for Design for Life, in favor of Fondation de l'Assistance Publique-Hopitaux de Paris","robots":{"index":"index","follow":"follow","max-snippet":"max-snippet:-1","max-image-preview":"max-image-preview:large","max-video-preview":"max-video-preview:-1"},"canonical":"https:\/\/www.theartdesignlab.com\/en\/article\/constance-guisset\/","og_locale":"en_US","og_type":"article","og_title":"CONSTANCE GUISSET - Designer - The Art Design Lab","og_description":"Discover the drawing of Constance Guisset, Designer, for Design for Life, in favor of Fondation de l'Assistance Publique-Hopitaux de Paris","og_url":"https:\/\/www.theartdesignlab.com\/en\/article\/constance-guisset\/","og_site_name":"The Art Design Lab","article_publisher":"https:\/\/www.facebook.com\/Theartdesignlab\/","article_modified_time":"2020-10-01T16:34:11+00:00","og_image":[{"width":728,"height":1024,"url":"https:\/\/www.theartdesignlab.com\/wp-content\/uploads\/2020\/04\/Ghost0016-728x1024.jpg","type":"image\/jpeg"}],"twitter_card":"summary_large_image","twitter_site":"@THEARTDESIGNLAB","twitter_misc":{"Est. reading time":"2 minutes"},"schema":{"@context":"https:\/\/schema.org","@graph":[{"@type":"WebPage","@id":"https:\/\/www.theartdesignlab.com\/en\/article\/constance-guisset\/","url":"https:\/\/www.theartdesignlab.com\/en\/article\/constance-guisset\/","name":"CONSTANCE GUISSET - Designer - The Art Design Lab","isPartOf":{"@id":"https:\/\/www.theartdesignlab.com\/#website"},"primaryImageOfPage":{"@id":"https:\/\/www.theartdesignlab.com\/en\/article\/constance-guisset\/#primaryimage"},"image":{"@id":"https:\/\/www.theartdesignlab.com\/en\/article\/constance-guisset\/#primaryimage"},"thumbnailUrl":"https:\/\/www.theartdesignlab.com\/wp-content\/uploads\/2020\/04\/Ghost0016.jpg","datePublished":"2020-04-07T21:28:50+00:00","dateModified":"2020-10-01T16:34:11+00:00","description":"Discover the drawing of Constance Guisset, Designer, for Design for Life, in favor of Fondation de l'Assistance Publique-Hopitaux de Paris","breadcrumb":{"@id":"https:\/\/www.theartdesignlab.com\/en\/article\/constance-guisset\/#breadcrumb"},"inLanguage":"en-US","potentialAction":[{"@type":"ReadAction","target":["https:\/\/www.theartdesignlab.com\/en\/article\/constance-guisset\/"]}]},{"@type":"ImageObject","inLanguage":"en-US","@id":"https:\/\/www.theartdesignlab.com\/en\/article\/constance-guisset\/#primaryimage","url":"https:\/\/www.theartdesignlab.com\/wp-content\/uploads\/2020\/04\/Ghost0016.jpg","contentUrl":"https:\/\/www.theartdesignlab.com\/wp-content\/uploads\/2020\/04\/Ghost0016.jpg","width":3253,"height":4576,"caption":"CONSTANCE GUISSET"},{"@type":"BreadcrumbList","@id":"https:\/\/www.theartdesignlab.com\/en\/article\/constance-guisset\/#breadcrumb","itemListElement":[{"@type":"ListItem","position":1,"name":"Accueil","item":"https:\/\/www.theartdesignlab.com\/en\/"},{"@type":"ListItem","position":2,"name":"Shop","item":"https:\/\/www.theartdesignlab.com\/en\/shop-2\/"},{"@type":"ListItem","position":3,"name":"Ghost"}]},{"@type":"WebSite","@id":"https:\/\/www.theartdesignlab.com\/#website","url":"https:\/\/www.theartdesignlab.com\/","name":"The Art Design Lab","description":"","publisher":{"@id":"https:\/\/www.theartdesignlab.com\/#organization"},"potentialAction":[{"@type":"SearchAction","target":{"@type":"EntryPoint","urlTemplate":"https:\/\/www.theartdesignlab.com\/?s={search_term_string}"},"query-input":{"@type":"PropertyValueSpecification","valueRequired":true,"valueName":"search_term_string"}}],"inLanguage":"en-US"},{"@type":"Organization","@id":"https:\/\/www.theartdesignlab.com\/#organization","name":"The Art Design Lab","url":"https:\/\/www.theartdesignlab.com\/","logo":{"@type":"ImageObject","inLanguage":"en-US","@id":"https:\/\/www.theartdesignlab.com\/#\/schema\/logo\/image\/","url":"https:\/\/www.theartdesignlab.com\/wp-content\/uploads\/2017\/09\/cropped-logo-2.png","contentUrl":"https:\/\/www.theartdesignlab.com\/wp-content\/uploads\/2017\/09\/cropped-logo-2.png","width":469,"height":110,"caption":"The Art Design Lab"},"image":{"@id":"https:\/\/www.theartdesignlab.com\/#\/schema\/logo\/image\/"},"sameAs":["https:\/\/www.facebook.com\/Theartdesignlab\/","https:\/\/x.com\/THEARTDESIGNLAB","https:\/\/www.instagram.com\/theartdesignlab\/","https:\/\/www.pinterest.fr\/theartdesignlab\/"]}]}},"_links":{"self":[{"href":"https:\/\/www.theartdesignlab.com\/en\/wp-json\/wp\/v2\/product\/5458","targetHints":{"allow":["GET"]}}],"collection":[{"href":"https:\/\/www.theartdesignlab.com\/en\/wp-json\/wp\/v2\/product"}],"about":[{"href":"https:\/\/www.theartdesignlab.com\/en\/wp-json\/wp\/v2\/types\/product"}],"wp:featuredmedia":[{"embeddable":true,"href":"https:\/\/www.theartdesignlab.com\/en\/wp-json\/wp\/v2\/media\/4818"}],"wp:attachment":[{"href":"https:\/\/www.theartdesignlab.com\/en\/wp-json\/wp\/v2\/media?parent=5458"}],"wp:term":[{"taxonomy":"product_brand","embeddable":true,"href":"https:\/\/www.theartdesignlab.com\/en\/wp-json\/wp\/v2\/product_brand?post=5458"},{"taxonomy":"product_cat","embeddable":true,"href":"https:\/\/www.theartdesignlab.com\/en\/wp-json\/wp\/v2\/product_cat?post=5458"},{"taxonomy":"product_tag","embeddable":true,"href":"https:\/\/www.theartdesignlab.com\/en\/wp-json\/wp\/v2\/product_tag?post=5458"}],"curies":[{"name":"wp","href":"https:\/\/api.w.org\/{rel}","templated":true}]}}