{"id":8854,"date":"2020-04-24T19:50:12","date_gmt":"2020-10-21T10:31:46","guid":{"rendered":"https:\/\/www.theartdesignlab.com\/?post_type=product&#038;p=8854"},"modified":"2020-12-07T19:29:56","modified_gmt":"2020-12-07T18:29:56","slug":"v123","status":"publish","type":"product","link":"https:\/\/www.theartdesignlab.com\/en\/article\/v123\/","title":{"rendered":"V123"},"content":{"rendered":"<p>V123<\/p>\n<p>Designer and founder of the <a title=\"fxds\" href=\"http:\/\/fxds.fr\/\" target=\"_blank\" rel=\"noopener\">fxdesignstudio (fxds)<\/a> digital design agency, also Associate Professor at <a title=\"University of Paris I Pantheon-Sorbonne\" href=\"https:\/\/www.univ-paris1.fr\/\" target=\"_blank\" rel=\"noopener\">the University of Paris I Pantheon Sorbonne<\/a> \u2014 Permanent Researcher at the <a title=\"ACTE Research Institute\" href=\"http:\/\/www.institut-acte.cnrs.fr\/\" target=\"_blank\" rel=\"noopener\">ACTE Research Institute<\/a> (UMR 8218), and Associated Researcher (honorary member) responsible for Digital Affairs at the <a title=\"CALHISTE Laboratory\" href=\"http:\/\/www.univ-valenciennes.fr\/CALHISTE\/\" target=\"_blank\" rel=\"noopener\">CALHISTE Laboratory<\/a>(Culture, Arts, Literature, History of Societies and Foreign Territories \u2014 EA 4343) as well as Senior Research Fellow at <a title=\"EnsADLab\" href=\"http:\/\/www.ensadlab.fr\/fr\/\" target=\"_blank\" rel=\"noopener\">EnsADLab<\/a> (Art and Design Research Laboratory of \u201c<a title=\"The \u00c9cole nationale sup\u00e9rieure des Arts D\u00e9coratifs\" href=\"http:\/\/www.ensad.fr\/\" target=\"_blank\" rel=\"noopener\">The \u00c9cole nationale sup\u00e9rieure des Arts D\u00e9coratifs<\/a>\u201d \u2014 EnsAD), David Bihanic examines the different paradigms of visualization and manipulation of large and complex datasets \u2014\u00a0it deals with recent design attempts in order to present multi-dimensional data graphically by mapping data and properties to different visual shapes, colors, and positions (e.g. experimental works which investigate novel ways of exploring information). Building on the cognitive-aesthetics analysis of visual organizations of information, he explores new avenues and opportunities for data design (data visualization aesthetics, and creative informatics). His work spans the whole spectrum, from theory to implementation techniques and applications. David Bihanic is an accomplished professional with more than 15 years of experience in creative design industries. He published several books and book chapters, as well as numerous scientific articles relating to the new stakes of design (considering the linkages between Design and Engineering Sciences); he then takes an active part in the evolution and transformations occurring in this field. His research is also centered upon new \u201cend-user\u201d interfaces (map-like, tangible, relationship-based interfaces, etc.).<\/p>\n","protected":false},"excerpt":{"rendered":"<p><strong>Description<\/strong><\/p>\n<p>Drawn study. Original piece (unframed). Single draw. Signed, dated, titled on the front.<\/p>\n<p><strong>Technique<\/strong><\/p>\n<p>Digital printing (inkjet print) on HP 225 g \/ m2 paper.<\/p>\n<p><strong>Dimensions<\/strong><\/p>\n<p>A1 format (59.4 x 84.1cm)<\/p>\n<p class=\"p1\">\n","protected":false},"featured_media":6961,"template":"","meta":{"_acf_changed":false},"product_brand":[],"product_cat":[404,38],"product_tag":[],"class_list":{"0":"post-8854","1":"product","2":"type-product","3":"status-publish","4":"has-post-thumbnail","6":"product_cat-david-bihanic","7":"product_cat-designers-en","9":"first","10":"instock","11":"taxable","12":"shipping-taxable","13":"purchasable","14":"product-type-simple"},"acf":[],"yoast_head":"<!-- This site is optimized with the Yoast SEO plugin v26.0 - https:\/\/yoast.com\/wordpress\/plugins\/seo\/ -->\n<title>David Bihanic - designer - v123 - preparatory work - the art design lab<\/title>\n<meta name=\"description\" content=\"Discover the preparatory work v123 of David Bihanic designer on the platform The Art Design Lab\" \/>\n<meta name=\"robots\" content=\"index, follow, max-snippet:-1, max-image-preview:large, max-video-preview:-1\" \/>\n<link rel=\"canonical\" href=\"https:\/\/www.theartdesignlab.com\/en\/article\/v123\/\" \/>\n<meta property=\"og:locale\" content=\"en_US\" \/>\n<meta property=\"og:type\" content=\"article\" \/>\n<meta property=\"og:title\" content=\"David Bihanic - designer - v123 - preparatory work - the art design lab\" \/>\n<meta property=\"og:description\" content=\"Discover the preparatory work v123 of David Bihanic designer on the platform The Art Design Lab\" \/>\n<meta property=\"og:url\" content=\"https:\/\/www.theartdesignlab.com\/en\/article\/v123\/\" \/>\n<meta property=\"og:site_name\" content=\"The Art Design Lab\" \/>\n<meta property=\"article:publisher\" content=\"https:\/\/www.facebook.com\/Theartdesignlab\/\" \/>\n<meta property=\"article:modified_time\" content=\"2020-12-07T18:29:56+00:00\" \/>\n<meta property=\"og:image\" content=\"https:\/\/www.theartdesignlab.com\/wp-content\/uploads\/2020\/04\/drawing_v123_dbihanic-745x1024.jpg\" \/>\n\t<meta property=\"og:image:width\" content=\"745\" \/>\n\t<meta property=\"og:image:height\" content=\"1024\" \/>\n\t<meta property=\"og:image:type\" content=\"image\/jpeg\" \/>\n<meta name=\"twitter:card\" content=\"summary_large_image\" \/>\n<meta name=\"twitter:site\" content=\"@THEARTDESIGNLAB\" \/>\n<meta name=\"twitter:label1\" content=\"Est. reading time\" \/>\n\t<meta name=\"twitter:data1\" content=\"1 minute\" \/>\n<script type=\"application\/ld+json\" class=\"yoast-schema-graph\">{\"@context\":\"https:\/\/schema.org\",\"@graph\":[{\"@type\":\"WebPage\",\"@id\":\"https:\/\/www.theartdesignlab.com\/en\/article\/v123\/\",\"url\":\"https:\/\/www.theartdesignlab.com\/en\/article\/v123\/\",\"name\":\"David Bihanic - designer - v123 - preparatory work - the art design lab\",\"isPartOf\":{\"@id\":\"https:\/\/www.theartdesignlab.com\/#website\"},\"primaryImageOfPage\":{\"@id\":\"https:\/\/www.theartdesignlab.com\/en\/article\/v123\/#primaryimage\"},\"image\":{\"@id\":\"https:\/\/www.theartdesignlab.com\/en\/article\/v123\/#primaryimage\"},\"thumbnailUrl\":\"https:\/\/www.theartdesignlab.com\/wp-content\/uploads\/2020\/04\/drawing_v123_dbihanic.jpg\",\"datePublished\":\"2020-10-21T10:31:46+00:00\",\"dateModified\":\"2020-12-07T18:29:56+00:00\",\"description\":\"Discover the preparatory work v123 of David Bihanic designer on the platform The Art Design Lab\",\"breadcrumb\":{\"@id\":\"https:\/\/www.theartdesignlab.com\/en\/article\/v123\/#breadcrumb\"},\"inLanguage\":\"en-US\",\"potentialAction\":[{\"@type\":\"ReadAction\",\"target\":[\"https:\/\/www.theartdesignlab.com\/en\/article\/v123\/\"]}]},{\"@type\":\"ImageObject\",\"inLanguage\":\"en-US\",\"@id\":\"https:\/\/www.theartdesignlab.com\/en\/article\/v123\/#primaryimage\",\"url\":\"https:\/\/www.theartdesignlab.com\/wp-content\/uploads\/2020\/04\/drawing_v123_dbihanic.jpg\",\"contentUrl\":\"https:\/\/www.theartdesignlab.com\/wp-content\/uploads\/2020\/04\/drawing_v123_dbihanic.jpg\",\"width\":2358,\"height\":3240},{\"@type\":\"BreadcrumbList\",\"@id\":\"https:\/\/www.theartdesignlab.com\/en\/article\/v123\/#breadcrumb\",\"itemListElement\":[{\"@type\":\"ListItem\",\"position\":1,\"name\":\"Accueil\",\"item\":\"https:\/\/www.theartdesignlab.com\/en\/\"},{\"@type\":\"ListItem\",\"position\":2,\"name\":\"Shop\",\"item\":\"https:\/\/www.theartdesignlab.com\/en\/shop-2\/\"},{\"@type\":\"ListItem\",\"position\":3,\"name\":\"V123\"}]},{\"@type\":\"WebSite\",\"@id\":\"https:\/\/www.theartdesignlab.com\/#website\",\"url\":\"https:\/\/www.theartdesignlab.com\/\",\"name\":\"The Art Design Lab\",\"description\":\"\",\"publisher\":{\"@id\":\"https:\/\/www.theartdesignlab.com\/#organization\"},\"potentialAction\":[{\"@type\":\"SearchAction\",\"target\":{\"@type\":\"EntryPoint\",\"urlTemplate\":\"https:\/\/www.theartdesignlab.com\/?s={search_term_string}\"},\"query-input\":{\"@type\":\"PropertyValueSpecification\",\"valueRequired\":true,\"valueName\":\"search_term_string\"}}],\"inLanguage\":\"en-US\"},{\"@type\":\"Organization\",\"@id\":\"https:\/\/www.theartdesignlab.com\/#organization\",\"name\":\"The Art Design Lab\",\"url\":\"https:\/\/www.theartdesignlab.com\/\",\"logo\":{\"@type\":\"ImageObject\",\"inLanguage\":\"en-US\",\"@id\":\"https:\/\/www.theartdesignlab.com\/#\/schema\/logo\/image\/\",\"url\":\"https:\/\/www.theartdesignlab.com\/wp-content\/uploads\/2017\/09\/cropped-logo-2.png\",\"contentUrl\":\"https:\/\/www.theartdesignlab.com\/wp-content\/uploads\/2017\/09\/cropped-logo-2.png\",\"width\":469,\"height\":110,\"caption\":\"The Art Design Lab\"},\"image\":{\"@id\":\"https:\/\/www.theartdesignlab.com\/#\/schema\/logo\/image\/\"},\"sameAs\":[\"https:\/\/www.facebook.com\/Theartdesignlab\/\",\"https:\/\/x.com\/THEARTDESIGNLAB\",\"https:\/\/www.instagram.com\/theartdesignlab\/\",\"https:\/\/www.pinterest.fr\/theartdesignlab\/\"]}]}<\/script>\n<!-- \/ Yoast SEO plugin. -->","yoast_head_json":{"title":"David Bihanic - designer - v123 - preparatory work - the art design lab","description":"Discover the preparatory work v123 of David Bihanic designer on the platform The Art Design Lab","robots":{"index":"index","follow":"follow","max-snippet":"max-snippet:-1","max-image-preview":"max-image-preview:large","max-video-preview":"max-video-preview:-1"},"canonical":"https:\/\/www.theartdesignlab.com\/en\/article\/v123\/","og_locale":"en_US","og_type":"article","og_title":"David Bihanic - designer - v123 - preparatory work - the art design lab","og_description":"Discover the preparatory work v123 of David Bihanic designer on the platform The Art Design Lab","og_url":"https:\/\/www.theartdesignlab.com\/en\/article\/v123\/","og_site_name":"The Art Design Lab","article_publisher":"https:\/\/www.facebook.com\/Theartdesignlab\/","article_modified_time":"2020-12-07T18:29:56+00:00","og_image":[{"width":745,"height":1024,"url":"https:\/\/www.theartdesignlab.com\/wp-content\/uploads\/2020\/04\/drawing_v123_dbihanic-745x1024.jpg","type":"image\/jpeg"}],"twitter_card":"summary_large_image","twitter_site":"@THEARTDESIGNLAB","twitter_misc":{"Est. reading time":"1 minute"},"schema":{"@context":"https:\/\/schema.org","@graph":[{"@type":"WebPage","@id":"https:\/\/www.theartdesignlab.com\/en\/article\/v123\/","url":"https:\/\/www.theartdesignlab.com\/en\/article\/v123\/","name":"David Bihanic - designer - v123 - preparatory work - the art design lab","isPartOf":{"@id":"https:\/\/www.theartdesignlab.com\/#website"},"primaryImageOfPage":{"@id":"https:\/\/www.theartdesignlab.com\/en\/article\/v123\/#primaryimage"},"image":{"@id":"https:\/\/www.theartdesignlab.com\/en\/article\/v123\/#primaryimage"},"thumbnailUrl":"https:\/\/www.theartdesignlab.com\/wp-content\/uploads\/2020\/04\/drawing_v123_dbihanic.jpg","datePublished":"2020-10-21T10:31:46+00:00","dateModified":"2020-12-07T18:29:56+00:00","description":"Discover the preparatory work v123 of David Bihanic designer on the platform The Art Design Lab","breadcrumb":{"@id":"https:\/\/www.theartdesignlab.com\/en\/article\/v123\/#breadcrumb"},"inLanguage":"en-US","potentialAction":[{"@type":"ReadAction","target":["https:\/\/www.theartdesignlab.com\/en\/article\/v123\/"]}]},{"@type":"ImageObject","inLanguage":"en-US","@id":"https:\/\/www.theartdesignlab.com\/en\/article\/v123\/#primaryimage","url":"https:\/\/www.theartdesignlab.com\/wp-content\/uploads\/2020\/04\/drawing_v123_dbihanic.jpg","contentUrl":"https:\/\/www.theartdesignlab.com\/wp-content\/uploads\/2020\/04\/drawing_v123_dbihanic.jpg","width":2358,"height":3240},{"@type":"BreadcrumbList","@id":"https:\/\/www.theartdesignlab.com\/en\/article\/v123\/#breadcrumb","itemListElement":[{"@type":"ListItem","position":1,"name":"Accueil","item":"https:\/\/www.theartdesignlab.com\/en\/"},{"@type":"ListItem","position":2,"name":"Shop","item":"https:\/\/www.theartdesignlab.com\/en\/shop-2\/"},{"@type":"ListItem","position":3,"name":"V123"}]},{"@type":"WebSite","@id":"https:\/\/www.theartdesignlab.com\/#website","url":"https:\/\/www.theartdesignlab.com\/","name":"The Art Design Lab","description":"","publisher":{"@id":"https:\/\/www.theartdesignlab.com\/#organization"},"potentialAction":[{"@type":"SearchAction","target":{"@type":"EntryPoint","urlTemplate":"https:\/\/www.theartdesignlab.com\/?s={search_term_string}"},"query-input":{"@type":"PropertyValueSpecification","valueRequired":true,"valueName":"search_term_string"}}],"inLanguage":"en-US"},{"@type":"Organization","@id":"https:\/\/www.theartdesignlab.com\/#organization","name":"The Art Design Lab","url":"https:\/\/www.theartdesignlab.com\/","logo":{"@type":"ImageObject","inLanguage":"en-US","@id":"https:\/\/www.theartdesignlab.com\/#\/schema\/logo\/image\/","url":"https:\/\/www.theartdesignlab.com\/wp-content\/uploads\/2017\/09\/cropped-logo-2.png","contentUrl":"https:\/\/www.theartdesignlab.com\/wp-content\/uploads\/2017\/09\/cropped-logo-2.png","width":469,"height":110,"caption":"The Art Design Lab"},"image":{"@id":"https:\/\/www.theartdesignlab.com\/#\/schema\/logo\/image\/"},"sameAs":["https:\/\/www.facebook.com\/Theartdesignlab\/","https:\/\/x.com\/THEARTDESIGNLAB","https:\/\/www.instagram.com\/theartdesignlab\/","https:\/\/www.pinterest.fr\/theartdesignlab\/"]}]}},"_links":{"self":[{"href":"https:\/\/www.theartdesignlab.com\/en\/wp-json\/wp\/v2\/product\/8854","targetHints":{"allow":["GET"]}}],"collection":[{"href":"https:\/\/www.theartdesignlab.com\/en\/wp-json\/wp\/v2\/product"}],"about":[{"href":"https:\/\/www.theartdesignlab.com\/en\/wp-json\/wp\/v2\/types\/product"}],"wp:featuredmedia":[{"embeddable":true,"href":"https:\/\/www.theartdesignlab.com\/en\/wp-json\/wp\/v2\/media\/6961"}],"wp:attachment":[{"href":"https:\/\/www.theartdesignlab.com\/en\/wp-json\/wp\/v2\/media?parent=8854"}],"wp:term":[{"taxonomy":"product_brand","embeddable":true,"href":"https:\/\/www.theartdesignlab.com\/en\/wp-json\/wp\/v2\/product_brand?post=8854"},{"taxonomy":"product_cat","embeddable":true,"href":"https:\/\/www.theartdesignlab.com\/en\/wp-json\/wp\/v2\/product_cat?post=8854"},{"taxonomy":"product_tag","embeddable":true,"href":"https:\/\/www.theartdesignlab.com\/en\/wp-json\/wp\/v2\/product_tag?post=8854"}],"curies":[{"name":"wp","href":"https:\/\/api.w.org\/{rel}","templated":true}]}}