{"id":9304,"date":"2020-02-19T00:35:22","date_gmt":"2020-11-04T21:47:51","guid":{"rendered":"https:\/\/www.theartdesignlab.com\/?post_type=product&#038;p=9304"},"modified":"2020-11-04T22:47:51","modified_gmt":"2020-11-04T21:47:51","slug":"vase-douglas-131-francois-azambourg","status":"publish","type":"product","link":"https:\/\/www.theartdesignlab.com\/en\/article\/vase-douglas-131-francois-azambourg\/","title":{"rendered":"VASE DOUGLAS 131 &#8211; FRAN\u00c7OIS AZAMBOURG"},"content":{"rendered":"<div class=\"woocommerce-tabs wc-tabs-wrapper\">\n<div id=\"tab-description\" class=\"woocommerce-Tabs-panel woocommerce-Tabs-panel--description panel entry-content wc-tab\" role=\"tabpanel\">\n<p>During epic experimental sessions in collaboration with the Center International d&#8217;Art Verrier (CIAV) in Meisenthal, Fran\u00e7ois Azambourg broke free from the classic production process, going so far as to burn a wooden mold that would give birth with the Douglas vase, now an iconic object. These unique vases with walls bearing the imprints of their wood matrix, sinuous veins, tormented knots, tiny crevices, interpret the unalterable legacy of time that is imprinted in the glass blown by the master glassmakers of Meisenthal.<br \/>\nIn the same vein, the Brindille vase forever fixes in the glass the delicate contours of elements drawn from nature (foliage, flax flowers, twigs and other fir thorns &#8230;). An innovative way of reinventing the glass decor through a process that is certainly not very academic, but very edifying.<br \/>\nOrchestrated by THE ART DESIGN LAB gallery, and Christie\u2019s, the EXPERIMENTATIONS exhibition will also highlight the drawings and other preparatory work related to the project.<br \/>\nFran\u00e7ois Azambourg explores the expressive potential of the manufacturing and shaping processes of materials, whether industrial, artisanal, innovative or traditional.<br \/>\nThe designer engages his practice in research situations and devotes his work to the alliance of techniques and art, specific to the applied arts, with a constant concern for the economy of means.<br \/>\nFran\u00e7ois Azambourg is represented by Galerie kreo, collaborates with Cappellini, Ligne Roset, Herm\u00e8s and Petit h, Louis Vuitton, Poltrona Frau, Mustache, Toulemonde Bochart, Chevalier \u00c9dition, the CIAV, the Exercise Workshop &#8230;<br \/>\nIf his production focuses mainly on the creation of furniture and lighting, the designer also composes scenography, theater sets, urban and interior fittings for municipalities, hotels and individuals.<br \/>\nWinner of the Villa Kujoyama in 2015, of the Grand Prix du Design de Paris in 2004, of the Villa M\u00e9dicis hors les Murs in 2003, of the Vocation Prize of the Marcel Bleustein-Blanchet Foundation in 1993, of the Fondation de France in 1988 and the Mus\u00e9e des Arts D\u00e9coratifs competition in 1985, Fran\u00e7ois Azambourg was supported by VIA through five calls for projects, a Carte Blanche in 2005 and numerous Labels. Several of his works have entered the collections of the FRAC, the CNAP, the Center Pompidou and the Mus\u00e9e des Arts d\u00e9coratifs in Paris.<br \/>\nThanks to the MAD Paris for his acquisition of one pieces of the Experimentations exhibition presented at Christie\u2019s Paris.<\/p>\n<\/div>\n<\/div>\n","protected":false},"excerpt":{"rendered":"<p><strong>Description <\/strong><\/p>\n<p>Vase Douglas big model. Unique work. Signed.<\/p>\n<p><strong>Technique <\/strong><\/p>\n<p>Glass black<\/p>\n<p><strong>Dimensions\u00a0<\/strong><\/p>\n<div class=\"page\" title=\"Page 1\">\n<div class=\"section\">\n<div class=\"layoutArea\">\n<div class=\"column\">\n<div class=\"page\" title=\"Page 1\">\n<div class=\"section\">\n<div class=\"layoutArea\">\n<div class=\"column\">\n<div class=\"page\" title=\"Page 1\">\n<div class=\"section\">\n<div class=\"layoutArea\">\n<div class=\"column\">\n<div class=\"page\" title=\"Page 1\">\n<div class=\"section\">\n<div class=\"layoutArea\">\n<div class=\"column\">\n<div class=\"page\" title=\"Page 2\">\n<div class=\"section\">\n<div class=\"layoutArea\">\n<div class=\"column\">\n<div class=\"page\" title=\"Page 2\">\n<div class=\"section\">\n<div class=\"layoutArea\">\n<div class=\"column\">\n<div class=\"page\" title=\"Page 2\">\n<div class=\"section\">\n<div class=\"layoutArea\">\n<div class=\"column\">\n<div class=\"page\" title=\"Page 2\">\n<div class=\"section\">\n<div class=\"layoutArea\">\n<div class=\"column\">\n<div class=\"page\" title=\"Page 2\">\n<div class=\"section\">\n<div class=\"layoutArea\">\n<div class=\"column\">\n<div class=\"page\" title=\"Page 2\">\n<div class=\"section\">\n<div class=\"layoutArea\">\n<div class=\"column\">\n<div class=\"page\" title=\"Page 2\">\n<div class=\"section\">\n<div class=\"layoutArea\">\n<div class=\"column\">\n<div class=\"page\" title=\"Page 3\">\n<div class=\"section\">\n<div class=\"layoutArea\">\n<div class=\"column\">\n<div class=\"page\" title=\"Page 4\">\n<div class=\"section\">\n<div class=\"layoutArea\">\n<div class=\"column\">\n<div class=\"page\" title=\"Page 6\">\n<div class=\"section\">\n<div class=\"layoutArea\">\n<div class=\"column\">\n<div class=\"page\" title=\"Page 9\">\n<div class=\"section\">\n<div class=\"layoutArea\">\n<div class=\"column\">\n<div class=\"page\" title=\"Page 10\">\n<div class=\"section\">\n<div class=\"layoutArea\">\n<div class=\"column\">\n<div class=\"page\" title=\"Page 7\">\n<div class=\"section\">\n<div class=\"layoutArea\">\n<div class=\"column\">\n<div class=\"page\" title=\"Page 7\">\n<div class=\"section\">\n<div class=\"layoutArea\">\n<div class=\"column\">\n<div class=\"page\" title=\"Page 8\">\n<div class=\"section\">\n<div class=\"layoutArea\">\n<div class=\"column\">\n<div class=\"page\" title=\"Page 8\">\n<div class=\"section\">\n<div class=\"layoutArea\">\n<div class=\"column\">\n<div class=\"page\" title=\"Page 8\">\n<div class=\"section\">\n<div class=\"layoutArea\">\n<div class=\"column\">\n<div class=\"page\" title=\"Page 8\">\n<div class=\"section\">\n<div class=\"layoutArea\">\n<div class=\"column\">\n<div class=\"page\" title=\"Page 8\">\n<div class=\"section\">\n<div class=\"layoutArea\">\n<div class=\"column\">\n<div class=\"page\" title=\"Page 8\">\n<div class=\"section\">\n<div class=\"layoutArea\">\n<div class=\"column\">\n<div class=\"page\" title=\"Page 8\">\n<div class=\"section\">\n<div class=\"layoutArea\">\n<div class=\"column\">\n<div class=\"page\" title=\"Page 8\">\n<div class=\"section\">\n<div class=\"layoutArea\">\n<div class=\"column\">\n<div class=\"page\" title=\"Page 8\">\n<div class=\"section\">\n<div class=\"layoutArea\">\n<div class=\"column\">\n<div class=\"page\" title=\"Page 9\">\n<div class=\"section\">\n<div class=\"layoutArea\">\n<div class=\"column\">\n<div class=\"page\" title=\"Page 9\">\n<div class=\"section\">\n<div class=\"layoutArea\">\n<div class=\"column\">\n<div class=\"page\" title=\"Page 9\">\n<div class=\"section\">\n<div class=\"layoutArea\">\n<div class=\"column\">23 x 23 x 40cm.<\/div>\n<\/div>\n<\/div>\n<\/div>\n<\/div>\n<\/div>\n<\/div>\n<\/div>\n<\/div>\n<\/div>\n<\/div>\n<\/div>\n<\/div>\n<\/div>\n<\/div>\n<\/div>\n<\/div>\n<\/div>\n<\/div>\n<\/div>\n<\/div>\n<\/div>\n<\/div>\n<\/div>\n<\/div>\n<\/div>\n<\/div>\n<\/div>\n<\/div>\n<\/div>\n<\/div>\n<\/div>\n<\/div>\n<\/div>\n<\/div>\n<\/div>\n<\/div>\n<\/div>\n<\/div>\n<\/div>\n<\/div>\n<\/div>\n<\/div>\n<\/div>\n<\/div>\n<\/div>\n<\/div>\n<\/div>\n<\/div>\n<\/div>\n<\/div>\n<\/div>\n<\/div>\n<\/div>\n<\/div>\n<\/div>\n<\/div>\n<\/div>\n<\/div>\n<\/div>\n<\/div>\n<\/div>\n<\/div>\n<\/div>\n<\/div>\n<\/div>\n<\/div>\n<\/div>\n<\/div>\n<\/div>\n<\/div>\n<\/div>\n<\/div>\n<\/div>\n<\/div>\n<\/div>\n<\/div>\n<\/div>\n<\/div>\n<\/div>\n<\/div>\n<\/div>\n<\/div>\n<\/div>\n<\/div>\n<\/div>\n<\/div>\n<\/div>\n<\/div>\n<\/div>\n<\/div>\n<\/div>\n<\/div>\n<\/div>\n<\/div>\n<\/div>\n<\/div>\n<\/div>\n<\/div>\n<\/div>\n<\/div>\n<\/div>\n<\/div>\n<\/div>\n<\/div>\n<\/div>\n<\/div>\n<\/div>\n<\/div>\n<\/div>\n<\/div>\n<\/div>\n<\/div>\n<\/div>\n<\/div>\n<\/div>\n<\/div>\n<\/div>\n<\/div>\n<\/div>\n","protected":false},"featured_media":9157,"template":"","meta":{"_acf_changed":false},"product_brand":[],"product_cat":[38,461,55],"product_tag":[],"class_list":{"0":"post-9304","1":"product","2":"type-product","3":"status-publish","4":"has-post-thumbnail","6":"product_cat-designers-en","7":"product_cat-experimentations-francois-azambourg-en-2","8":"product_cat-francois-azambourg-en","10":"first","11":"instock","12":"sold-individually","13":"taxable","14":"shipping-taxable","15":"purchasable","16":"product-type-simple"},"acf":[],"yoast_head":"<!-- This site is optimized with the Yoast SEO plugin v26.0 - https:\/\/yoast.com\/wordpress\/plugins\/seo\/ -->\n<title>VASE DOUGLAS 131 - FRAN\u00c7OIS AZAMBOURG - The Art Design Lab<\/title>\n<meta name=\"description\" content=\"Collect the Vase Douglas by Fran\u00e7ois Azambourg in collaboration with meisenthal and presented at Christie&#039;s Paris in 2020\" \/>\n<meta name=\"robots\" content=\"index, follow, max-snippet:-1, max-image-preview:large, max-video-preview:-1\" \/>\n<link rel=\"canonical\" href=\"https:\/\/www.theartdesignlab.com\/en\/article\/vase-douglas-131-francois-azambourg\/\" \/>\n<meta property=\"og:locale\" content=\"en_US\" \/>\n<meta property=\"og:type\" content=\"article\" \/>\n<meta property=\"og:title\" content=\"VASE DOUGLAS 131 - FRAN\u00c7OIS AZAMBOURG - The Art Design Lab\" \/>\n<meta property=\"og:description\" content=\"Collect the Vase Douglas by Fran\u00e7ois Azambourg in collaboration with meisenthal and presented at Christie&#039;s Paris in 2020\" \/>\n<meta property=\"og:url\" content=\"https:\/\/www.theartdesignlab.com\/en\/article\/vase-douglas-131-francois-azambourg\/\" \/>\n<meta property=\"og:site_name\" content=\"The Art Design Lab\" \/>\n<meta property=\"article:publisher\" content=\"https:\/\/www.facebook.com\/Theartdesignlab\/\" \/>\n<meta property=\"og:image\" content=\"https:\/\/www.theartdesignlab.com\/wp-content\/uploads\/2020\/02\/IMG_4991-2-768x1024.jpeg\" \/>\n\t<meta property=\"og:image:width\" content=\"768\" \/>\n\t<meta property=\"og:image:height\" content=\"1024\" \/>\n\t<meta property=\"og:image:type\" content=\"image\/jpeg\" \/>\n<meta name=\"twitter:card\" content=\"summary_large_image\" \/>\n<meta name=\"twitter:site\" content=\"@THEARTDESIGNLAB\" \/>\n<meta name=\"twitter:label1\" content=\"Est. reading time\" \/>\n\t<meta name=\"twitter:data1\" content=\"2 minutes\" \/>\n<script type=\"application\/ld+json\" class=\"yoast-schema-graph\">{\"@context\":\"https:\/\/schema.org\",\"@graph\":[{\"@type\":\"WebPage\",\"@id\":\"https:\/\/www.theartdesignlab.com\/en\/article\/vase-douglas-131-francois-azambourg\/\",\"url\":\"https:\/\/www.theartdesignlab.com\/en\/article\/vase-douglas-131-francois-azambourg\/\",\"name\":\"VASE DOUGLAS 131 - FRAN\u00c7OIS AZAMBOURG - The Art Design Lab\",\"isPartOf\":{\"@id\":\"https:\/\/www.theartdesignlab.com\/#website\"},\"primaryImageOfPage\":{\"@id\":\"https:\/\/www.theartdesignlab.com\/en\/article\/vase-douglas-131-francois-azambourg\/#primaryimage\"},\"image\":{\"@id\":\"https:\/\/www.theartdesignlab.com\/en\/article\/vase-douglas-131-francois-azambourg\/#primaryimage\"},\"thumbnailUrl\":\"https:\/\/www.theartdesignlab.com\/wp-content\/uploads\/2020\/02\/IMG_4991-2.jpeg\",\"datePublished\":\"2020-11-04T21:47:51+00:00\",\"description\":\"Collect the Vase Douglas by Fran\u00e7ois Azambourg in collaboration with meisenthal and presented at Christie's Paris in 2020\",\"breadcrumb\":{\"@id\":\"https:\/\/www.theartdesignlab.com\/en\/article\/vase-douglas-131-francois-azambourg\/#breadcrumb\"},\"inLanguage\":\"en-US\",\"potentialAction\":[{\"@type\":\"ReadAction\",\"target\":[\"https:\/\/www.theartdesignlab.com\/en\/article\/vase-douglas-131-francois-azambourg\/\"]}]},{\"@type\":\"ImageObject\",\"inLanguage\":\"en-US\",\"@id\":\"https:\/\/www.theartdesignlab.com\/en\/article\/vase-douglas-131-francois-azambourg\/#primaryimage\",\"url\":\"https:\/\/www.theartdesignlab.com\/wp-content\/uploads\/2020\/02\/IMG_4991-2.jpeg\",\"contentUrl\":\"https:\/\/www.theartdesignlab.com\/wp-content\/uploads\/2020\/02\/IMG_4991-2.jpeg\",\"width\":3024,\"height\":4032},{\"@type\":\"BreadcrumbList\",\"@id\":\"https:\/\/www.theartdesignlab.com\/en\/article\/vase-douglas-131-francois-azambourg\/#breadcrumb\",\"itemListElement\":[{\"@type\":\"ListItem\",\"position\":1,\"name\":\"Accueil\",\"item\":\"https:\/\/www.theartdesignlab.com\/en\/\"},{\"@type\":\"ListItem\",\"position\":2,\"name\":\"Shop\",\"item\":\"https:\/\/www.theartdesignlab.com\/en\/shop-2\/\"},{\"@type\":\"ListItem\",\"position\":3,\"name\":\"VASE DOUGLAS 131 &#8211; FRAN\u00c7OIS AZAMBOURG\"}]},{\"@type\":\"WebSite\",\"@id\":\"https:\/\/www.theartdesignlab.com\/#website\",\"url\":\"https:\/\/www.theartdesignlab.com\/\",\"name\":\"The Art Design Lab\",\"description\":\"\",\"publisher\":{\"@id\":\"https:\/\/www.theartdesignlab.com\/#organization\"},\"potentialAction\":[{\"@type\":\"SearchAction\",\"target\":{\"@type\":\"EntryPoint\",\"urlTemplate\":\"https:\/\/www.theartdesignlab.com\/?s={search_term_string}\"},\"query-input\":{\"@type\":\"PropertyValueSpecification\",\"valueRequired\":true,\"valueName\":\"search_term_string\"}}],\"inLanguage\":\"en-US\"},{\"@type\":\"Organization\",\"@id\":\"https:\/\/www.theartdesignlab.com\/#organization\",\"name\":\"The Art Design Lab\",\"url\":\"https:\/\/www.theartdesignlab.com\/\",\"logo\":{\"@type\":\"ImageObject\",\"inLanguage\":\"en-US\",\"@id\":\"https:\/\/www.theartdesignlab.com\/#\/schema\/logo\/image\/\",\"url\":\"https:\/\/www.theartdesignlab.com\/wp-content\/uploads\/2017\/09\/cropped-logo-2.png\",\"contentUrl\":\"https:\/\/www.theartdesignlab.com\/wp-content\/uploads\/2017\/09\/cropped-logo-2.png\",\"width\":469,\"height\":110,\"caption\":\"The Art Design Lab\"},\"image\":{\"@id\":\"https:\/\/www.theartdesignlab.com\/#\/schema\/logo\/image\/\"},\"sameAs\":[\"https:\/\/www.facebook.com\/Theartdesignlab\/\",\"https:\/\/x.com\/THEARTDESIGNLAB\",\"https:\/\/www.instagram.com\/theartdesignlab\/\",\"https:\/\/www.pinterest.fr\/theartdesignlab\/\"]}]}<\/script>\n<!-- \/ Yoast SEO plugin. -->","yoast_head_json":{"title":"VASE DOUGLAS 131 - FRAN\u00c7OIS AZAMBOURG - The Art Design Lab","description":"Collect the Vase Douglas by Fran\u00e7ois Azambourg in collaboration with meisenthal and presented at Christie's Paris in 2020","robots":{"index":"index","follow":"follow","max-snippet":"max-snippet:-1","max-image-preview":"max-image-preview:large","max-video-preview":"max-video-preview:-1"},"canonical":"https:\/\/www.theartdesignlab.com\/en\/article\/vase-douglas-131-francois-azambourg\/","og_locale":"en_US","og_type":"article","og_title":"VASE DOUGLAS 131 - FRAN\u00c7OIS AZAMBOURG - The Art Design Lab","og_description":"Collect the Vase Douglas by Fran\u00e7ois Azambourg in collaboration with meisenthal and presented at Christie's Paris in 2020","og_url":"https:\/\/www.theartdesignlab.com\/en\/article\/vase-douglas-131-francois-azambourg\/","og_site_name":"The Art Design Lab","article_publisher":"https:\/\/www.facebook.com\/Theartdesignlab\/","og_image":[{"width":768,"height":1024,"url":"https:\/\/www.theartdesignlab.com\/wp-content\/uploads\/2020\/02\/IMG_4991-2-768x1024.jpeg","type":"image\/jpeg"}],"twitter_card":"summary_large_image","twitter_site":"@THEARTDESIGNLAB","twitter_misc":{"Est. reading time":"2 minutes"},"schema":{"@context":"https:\/\/schema.org","@graph":[{"@type":"WebPage","@id":"https:\/\/www.theartdesignlab.com\/en\/article\/vase-douglas-131-francois-azambourg\/","url":"https:\/\/www.theartdesignlab.com\/en\/article\/vase-douglas-131-francois-azambourg\/","name":"VASE DOUGLAS 131 - FRAN\u00c7OIS AZAMBOURG - The Art Design Lab","isPartOf":{"@id":"https:\/\/www.theartdesignlab.com\/#website"},"primaryImageOfPage":{"@id":"https:\/\/www.theartdesignlab.com\/en\/article\/vase-douglas-131-francois-azambourg\/#primaryimage"},"image":{"@id":"https:\/\/www.theartdesignlab.com\/en\/article\/vase-douglas-131-francois-azambourg\/#primaryimage"},"thumbnailUrl":"https:\/\/www.theartdesignlab.com\/wp-content\/uploads\/2020\/02\/IMG_4991-2.jpeg","datePublished":"2020-11-04T21:47:51+00:00","description":"Collect the Vase Douglas by Fran\u00e7ois Azambourg in collaboration with meisenthal and presented at Christie's Paris in 2020","breadcrumb":{"@id":"https:\/\/www.theartdesignlab.com\/en\/article\/vase-douglas-131-francois-azambourg\/#breadcrumb"},"inLanguage":"en-US","potentialAction":[{"@type":"ReadAction","target":["https:\/\/www.theartdesignlab.com\/en\/article\/vase-douglas-131-francois-azambourg\/"]}]},{"@type":"ImageObject","inLanguage":"en-US","@id":"https:\/\/www.theartdesignlab.com\/en\/article\/vase-douglas-131-francois-azambourg\/#primaryimage","url":"https:\/\/www.theartdesignlab.com\/wp-content\/uploads\/2020\/02\/IMG_4991-2.jpeg","contentUrl":"https:\/\/www.theartdesignlab.com\/wp-content\/uploads\/2020\/02\/IMG_4991-2.jpeg","width":3024,"height":4032},{"@type":"BreadcrumbList","@id":"https:\/\/www.theartdesignlab.com\/en\/article\/vase-douglas-131-francois-azambourg\/#breadcrumb","itemListElement":[{"@type":"ListItem","position":1,"name":"Accueil","item":"https:\/\/www.theartdesignlab.com\/en\/"},{"@type":"ListItem","position":2,"name":"Shop","item":"https:\/\/www.theartdesignlab.com\/en\/shop-2\/"},{"@type":"ListItem","position":3,"name":"VASE DOUGLAS 131 &#8211; FRAN\u00c7OIS AZAMBOURG"}]},{"@type":"WebSite","@id":"https:\/\/www.theartdesignlab.com\/#website","url":"https:\/\/www.theartdesignlab.com\/","name":"The Art Design Lab","description":"","publisher":{"@id":"https:\/\/www.theartdesignlab.com\/#organization"},"potentialAction":[{"@type":"SearchAction","target":{"@type":"EntryPoint","urlTemplate":"https:\/\/www.theartdesignlab.com\/?s={search_term_string}"},"query-input":{"@type":"PropertyValueSpecification","valueRequired":true,"valueName":"search_term_string"}}],"inLanguage":"en-US"},{"@type":"Organization","@id":"https:\/\/www.theartdesignlab.com\/#organization","name":"The Art Design Lab","url":"https:\/\/www.theartdesignlab.com\/","logo":{"@type":"ImageObject","inLanguage":"en-US","@id":"https:\/\/www.theartdesignlab.com\/#\/schema\/logo\/image\/","url":"https:\/\/www.theartdesignlab.com\/wp-content\/uploads\/2017\/09\/cropped-logo-2.png","contentUrl":"https:\/\/www.theartdesignlab.com\/wp-content\/uploads\/2017\/09\/cropped-logo-2.png","width":469,"height":110,"caption":"The Art Design Lab"},"image":{"@id":"https:\/\/www.theartdesignlab.com\/#\/schema\/logo\/image\/"},"sameAs":["https:\/\/www.facebook.com\/Theartdesignlab\/","https:\/\/x.com\/THEARTDESIGNLAB","https:\/\/www.instagram.com\/theartdesignlab\/","https:\/\/www.pinterest.fr\/theartdesignlab\/"]}]}},"_links":{"self":[{"href":"https:\/\/www.theartdesignlab.com\/en\/wp-json\/wp\/v2\/product\/9304","targetHints":{"allow":["GET"]}}],"collection":[{"href":"https:\/\/www.theartdesignlab.com\/en\/wp-json\/wp\/v2\/product"}],"about":[{"href":"https:\/\/www.theartdesignlab.com\/en\/wp-json\/wp\/v2\/types\/product"}],"wp:featuredmedia":[{"embeddable":true,"href":"https:\/\/www.theartdesignlab.com\/en\/wp-json\/wp\/v2\/media\/9157"}],"wp:attachment":[{"href":"https:\/\/www.theartdesignlab.com\/en\/wp-json\/wp\/v2\/media?parent=9304"}],"wp:term":[{"taxonomy":"product_brand","embeddable":true,"href":"https:\/\/www.theartdesignlab.com\/en\/wp-json\/wp\/v2\/product_brand?post=9304"},{"taxonomy":"product_cat","embeddable":true,"href":"https:\/\/www.theartdesignlab.com\/en\/wp-json\/wp\/v2\/product_cat?post=9304"},{"taxonomy":"product_tag","embeddable":true,"href":"https:\/\/www.theartdesignlab.com\/en\/wp-json\/wp\/v2\/product_tag?post=9304"}],"curies":[{"name":"wp","href":"https:\/\/api.w.org\/{rel}","templated":true}]}}