{"id":9425,"date":"2020-11-18T14:34:09","date_gmt":"2020-11-18T13:34:09","guid":{"rendered":"https:\/\/www.theartdesignlab.com\/?post_type=product&#038;p=9425"},"modified":"2020-11-23T19:02:29","modified_gmt":"2020-11-23T18:02:29","slug":"realisation-hotel-miami-2008","status":"publish","type":"product","link":"https:\/\/www.theartdesignlab.com\/en\/article\/realisation-hotel-miami-2008\/","title":{"rendered":"R\u00c9ALISATION HOTEL CLINTON, MIAMI"},"content":{"rendered":"<p>The Clinton Hotel in Miami Beach was built in 1934 by architect Charles Neidler. The Clinton Hotel was renovated in 2004 by designer Eric Raffy. The New Clinton Hotel and Spa is located in the heart of South Beach in Miami.<\/p>\n<p>\u00c9ric Raffy is an architect who graduated from the Bordeaux school in 1978. He has designed numerous pieces of furniture and objects such as for Soca or Laguiole. In 1995, he received the Architecture Medal from the Acad\u00e9mie Dejan and especially the showroom of designer Paco Rabanne (Paris 6 \u00b0), the 3 *** Michel Bras restaurant in Laguiole, or Ushiku Daibutsu, a 120 m tall Buddha. top in Tokyo which also received the 1994 APIDA Award in Hong Kong.<br \/>\nProfessor at Penninghen &#8211; Paris from 1999 to 2004, \u00c9ric Raffy signed numerous projects such as the Sofitel in Salvador de Bahia, Brazil (2002) and the Club Med Hotel Kanifinolhu in the Maldives.<\/p>\n","protected":false},"excerpt":{"rendered":"<p><strong>Description<\/strong><\/p>\n<p>Original work. Signed.<\/p>\n<p><strong>Technique<\/strong><\/p>\n<p>Colours pencils on translucent calque.<\/p>\n<p><strong>Dimensions<\/strong><\/p>\n<p>29,7 cm x 42 cm.<\/p>\n<p class=\"p1\">\n","protected":false},"featured_media":9417,"template":"","meta":{"_acf_changed":false},"product_brand":[],"product_cat":[38,392],"product_tag":[],"class_list":{"0":"post-9425","1":"product","2":"type-product","3":"status-publish","4":"has-post-thumbnail","6":"product_cat-designers-en","7":"product_cat-eric-raffy-en","9":"first","10":"instock","11":"virtual","12":"taxable","13":"purchasable","14":"product-type-simple"},"acf":[],"yoast_head":"<!-- This site is optimized with the Yoast SEO plugin v26.0 - https:\/\/yoast.com\/wordpress\/plugins\/seo\/ -->\n<title>ERIC RAFFY - DESSIN ORIGINAL - THE ART DESIGN LAB<\/title>\n<meta name=\"description\" content=\"D\u00e9couvrez le dessin original d&#039;Eric Raffy, designer, pour la r\u00e9alisation de l&#039;Hotel Clinton \u00e0 Miami sur The Art Design Lab\" \/>\n<meta name=\"robots\" content=\"index, follow, max-snippet:-1, max-image-preview:large, max-video-preview:-1\" \/>\n<link rel=\"canonical\" href=\"https:\/\/www.theartdesignlab.com\/en\/article\/realisation-hotel-miami-2008\/\" \/>\n<meta property=\"og:locale\" content=\"en_US\" \/>\n<meta property=\"og:type\" content=\"article\" \/>\n<meta property=\"og:title\" content=\"ERIC RAFFY - DESSIN ORIGINAL - THE ART DESIGN LAB\" \/>\n<meta property=\"og:description\" content=\"D\u00e9couvrez le dessin original d&#039;Eric Raffy, designer, pour la r\u00e9alisation de l&#039;Hotel Clinton \u00e0 Miami sur The Art Design Lab\" \/>\n<meta property=\"og:url\" content=\"https:\/\/www.theartdesignlab.com\/en\/article\/realisation-hotel-miami-2008\/\" \/>\n<meta property=\"og:site_name\" content=\"The Art Design Lab\" \/>\n<meta property=\"article:publisher\" content=\"https:\/\/www.facebook.com\/Theartdesignlab\/\" \/>\n<meta property=\"article:modified_time\" content=\"2020-11-23T18:02:29+00:00\" \/>\n<meta property=\"og:image\" content=\"https:\/\/www.theartdesignlab.com\/wp-content\/uploads\/2020\/04\/REALISATION-HOTEL-MIAMI-1-1-1024x768.jpg\" \/>\n\t<meta property=\"og:image:width\" content=\"1024\" \/>\n\t<meta property=\"og:image:height\" content=\"768\" \/>\n\t<meta property=\"og:image:type\" content=\"image\/jpeg\" \/>\n<meta name=\"twitter:card\" content=\"summary_large_image\" \/>\n<meta name=\"twitter:site\" content=\"@THEARTDESIGNLAB\" \/>\n<meta name=\"twitter:label1\" content=\"Est. reading time\" \/>\n\t<meta name=\"twitter:data1\" content=\"1 minute\" \/>\n<script type=\"application\/ld+json\" class=\"yoast-schema-graph\">{\"@context\":\"https:\/\/schema.org\",\"@graph\":[{\"@type\":\"WebPage\",\"@id\":\"https:\/\/www.theartdesignlab.com\/en\/article\/realisation-hotel-miami-2008\/\",\"url\":\"https:\/\/www.theartdesignlab.com\/en\/article\/realisation-hotel-miami-2008\/\",\"name\":\"ERIC RAFFY - DESSIN ORIGINAL - THE ART DESIGN LAB\",\"isPartOf\":{\"@id\":\"https:\/\/www.theartdesignlab.com\/#website\"},\"primaryImageOfPage\":{\"@id\":\"https:\/\/www.theartdesignlab.com\/en\/article\/realisation-hotel-miami-2008\/#primaryimage\"},\"image\":{\"@id\":\"https:\/\/www.theartdesignlab.com\/en\/article\/realisation-hotel-miami-2008\/#primaryimage\"},\"thumbnailUrl\":\"https:\/\/www.theartdesignlab.com\/wp-content\/uploads\/2020\/04\/REALISATION-HOTEL-MIAMI-1-1.jpg\",\"datePublished\":\"2020-11-18T13:34:09+00:00\",\"dateModified\":\"2020-11-23T18:02:29+00:00\",\"description\":\"D\u00e9couvrez le dessin original d'Eric Raffy, designer, pour la r\u00e9alisation de l'Hotel Clinton \u00e0 Miami sur The Art Design Lab\",\"breadcrumb\":{\"@id\":\"https:\/\/www.theartdesignlab.com\/en\/article\/realisation-hotel-miami-2008\/#breadcrumb\"},\"inLanguage\":\"en-US\",\"potentialAction\":[{\"@type\":\"ReadAction\",\"target\":[\"https:\/\/www.theartdesignlab.com\/en\/article\/realisation-hotel-miami-2008\/\"]}]},{\"@type\":\"ImageObject\",\"inLanguage\":\"en-US\",\"@id\":\"https:\/\/www.theartdesignlab.com\/en\/article\/realisation-hotel-miami-2008\/#primaryimage\",\"url\":\"https:\/\/www.theartdesignlab.com\/wp-content\/uploads\/2020\/04\/REALISATION-HOTEL-MIAMI-1-1.jpg\",\"contentUrl\":\"https:\/\/www.theartdesignlab.com\/wp-content\/uploads\/2020\/04\/REALISATION-HOTEL-MIAMI-1-1.jpg\",\"width\":3634,\"height\":2724},{\"@type\":\"BreadcrumbList\",\"@id\":\"https:\/\/www.theartdesignlab.com\/en\/article\/realisation-hotel-miami-2008\/#breadcrumb\",\"itemListElement\":[{\"@type\":\"ListItem\",\"position\":1,\"name\":\"Accueil\",\"item\":\"https:\/\/www.theartdesignlab.com\/en\/\"},{\"@type\":\"ListItem\",\"position\":2,\"name\":\"Shop\",\"item\":\"https:\/\/www.theartdesignlab.com\/en\/shop-2\/\"},{\"@type\":\"ListItem\",\"position\":3,\"name\":\"R\u00c9ALISATION HOTEL CLINTON, MIAMI\"}]},{\"@type\":\"WebSite\",\"@id\":\"https:\/\/www.theartdesignlab.com\/#website\",\"url\":\"https:\/\/www.theartdesignlab.com\/\",\"name\":\"The Art Design Lab\",\"description\":\"\",\"publisher\":{\"@id\":\"https:\/\/www.theartdesignlab.com\/#organization\"},\"potentialAction\":[{\"@type\":\"SearchAction\",\"target\":{\"@type\":\"EntryPoint\",\"urlTemplate\":\"https:\/\/www.theartdesignlab.com\/?s={search_term_string}\"},\"query-input\":{\"@type\":\"PropertyValueSpecification\",\"valueRequired\":true,\"valueName\":\"search_term_string\"}}],\"inLanguage\":\"en-US\"},{\"@type\":\"Organization\",\"@id\":\"https:\/\/www.theartdesignlab.com\/#organization\",\"name\":\"The Art Design Lab\",\"url\":\"https:\/\/www.theartdesignlab.com\/\",\"logo\":{\"@type\":\"ImageObject\",\"inLanguage\":\"en-US\",\"@id\":\"https:\/\/www.theartdesignlab.com\/#\/schema\/logo\/image\/\",\"url\":\"https:\/\/www.theartdesignlab.com\/wp-content\/uploads\/2017\/09\/cropped-logo-2.png\",\"contentUrl\":\"https:\/\/www.theartdesignlab.com\/wp-content\/uploads\/2017\/09\/cropped-logo-2.png\",\"width\":469,\"height\":110,\"caption\":\"The Art Design Lab\"},\"image\":{\"@id\":\"https:\/\/www.theartdesignlab.com\/#\/schema\/logo\/image\/\"},\"sameAs\":[\"https:\/\/www.facebook.com\/Theartdesignlab\/\",\"https:\/\/x.com\/THEARTDESIGNLAB\",\"https:\/\/www.instagram.com\/theartdesignlab\/\",\"https:\/\/www.pinterest.fr\/theartdesignlab\/\"]}]}<\/script>\n<!-- \/ Yoast SEO plugin. -->","yoast_head_json":{"title":"ERIC RAFFY - DESSIN ORIGINAL - THE ART DESIGN LAB","description":"D\u00e9couvrez le dessin original d'Eric Raffy, designer, pour la r\u00e9alisation de l'Hotel Clinton \u00e0 Miami sur The Art Design Lab","robots":{"index":"index","follow":"follow","max-snippet":"max-snippet:-1","max-image-preview":"max-image-preview:large","max-video-preview":"max-video-preview:-1"},"canonical":"https:\/\/www.theartdesignlab.com\/en\/article\/realisation-hotel-miami-2008\/","og_locale":"en_US","og_type":"article","og_title":"ERIC RAFFY - DESSIN ORIGINAL - THE ART DESIGN LAB","og_description":"D\u00e9couvrez le dessin original d'Eric Raffy, designer, pour la r\u00e9alisation de l'Hotel Clinton \u00e0 Miami sur The Art Design Lab","og_url":"https:\/\/www.theartdesignlab.com\/en\/article\/realisation-hotel-miami-2008\/","og_site_name":"The Art Design Lab","article_publisher":"https:\/\/www.facebook.com\/Theartdesignlab\/","article_modified_time":"2020-11-23T18:02:29+00:00","og_image":[{"width":1024,"height":768,"url":"https:\/\/www.theartdesignlab.com\/wp-content\/uploads\/2020\/04\/REALISATION-HOTEL-MIAMI-1-1-1024x768.jpg","type":"image\/jpeg"}],"twitter_card":"summary_large_image","twitter_site":"@THEARTDESIGNLAB","twitter_misc":{"Est. reading time":"1 minute"},"schema":{"@context":"https:\/\/schema.org","@graph":[{"@type":"WebPage","@id":"https:\/\/www.theartdesignlab.com\/en\/article\/realisation-hotel-miami-2008\/","url":"https:\/\/www.theartdesignlab.com\/en\/article\/realisation-hotel-miami-2008\/","name":"ERIC RAFFY - DESSIN ORIGINAL - THE ART DESIGN LAB","isPartOf":{"@id":"https:\/\/www.theartdesignlab.com\/#website"},"primaryImageOfPage":{"@id":"https:\/\/www.theartdesignlab.com\/en\/article\/realisation-hotel-miami-2008\/#primaryimage"},"image":{"@id":"https:\/\/www.theartdesignlab.com\/en\/article\/realisation-hotel-miami-2008\/#primaryimage"},"thumbnailUrl":"https:\/\/www.theartdesignlab.com\/wp-content\/uploads\/2020\/04\/REALISATION-HOTEL-MIAMI-1-1.jpg","datePublished":"2020-11-18T13:34:09+00:00","dateModified":"2020-11-23T18:02:29+00:00","description":"D\u00e9couvrez le dessin original d'Eric Raffy, designer, pour la r\u00e9alisation de l'Hotel Clinton \u00e0 Miami sur The Art Design Lab","breadcrumb":{"@id":"https:\/\/www.theartdesignlab.com\/en\/article\/realisation-hotel-miami-2008\/#breadcrumb"},"inLanguage":"en-US","potentialAction":[{"@type":"ReadAction","target":["https:\/\/www.theartdesignlab.com\/en\/article\/realisation-hotel-miami-2008\/"]}]},{"@type":"ImageObject","inLanguage":"en-US","@id":"https:\/\/www.theartdesignlab.com\/en\/article\/realisation-hotel-miami-2008\/#primaryimage","url":"https:\/\/www.theartdesignlab.com\/wp-content\/uploads\/2020\/04\/REALISATION-HOTEL-MIAMI-1-1.jpg","contentUrl":"https:\/\/www.theartdesignlab.com\/wp-content\/uploads\/2020\/04\/REALISATION-HOTEL-MIAMI-1-1.jpg","width":3634,"height":2724},{"@type":"BreadcrumbList","@id":"https:\/\/www.theartdesignlab.com\/en\/article\/realisation-hotel-miami-2008\/#breadcrumb","itemListElement":[{"@type":"ListItem","position":1,"name":"Accueil","item":"https:\/\/www.theartdesignlab.com\/en\/"},{"@type":"ListItem","position":2,"name":"Shop","item":"https:\/\/www.theartdesignlab.com\/en\/shop-2\/"},{"@type":"ListItem","position":3,"name":"R\u00c9ALISATION HOTEL CLINTON, MIAMI"}]},{"@type":"WebSite","@id":"https:\/\/www.theartdesignlab.com\/#website","url":"https:\/\/www.theartdesignlab.com\/","name":"The Art Design Lab","description":"","publisher":{"@id":"https:\/\/www.theartdesignlab.com\/#organization"},"potentialAction":[{"@type":"SearchAction","target":{"@type":"EntryPoint","urlTemplate":"https:\/\/www.theartdesignlab.com\/?s={search_term_string}"},"query-input":{"@type":"PropertyValueSpecification","valueRequired":true,"valueName":"search_term_string"}}],"inLanguage":"en-US"},{"@type":"Organization","@id":"https:\/\/www.theartdesignlab.com\/#organization","name":"The Art Design Lab","url":"https:\/\/www.theartdesignlab.com\/","logo":{"@type":"ImageObject","inLanguage":"en-US","@id":"https:\/\/www.theartdesignlab.com\/#\/schema\/logo\/image\/","url":"https:\/\/www.theartdesignlab.com\/wp-content\/uploads\/2017\/09\/cropped-logo-2.png","contentUrl":"https:\/\/www.theartdesignlab.com\/wp-content\/uploads\/2017\/09\/cropped-logo-2.png","width":469,"height":110,"caption":"The Art Design Lab"},"image":{"@id":"https:\/\/www.theartdesignlab.com\/#\/schema\/logo\/image\/"},"sameAs":["https:\/\/www.facebook.com\/Theartdesignlab\/","https:\/\/x.com\/THEARTDESIGNLAB","https:\/\/www.instagram.com\/theartdesignlab\/","https:\/\/www.pinterest.fr\/theartdesignlab\/"]}]}},"_links":{"self":[{"href":"https:\/\/www.theartdesignlab.com\/en\/wp-json\/wp\/v2\/product\/9425","targetHints":{"allow":["GET"]}}],"collection":[{"href":"https:\/\/www.theartdesignlab.com\/en\/wp-json\/wp\/v2\/product"}],"about":[{"href":"https:\/\/www.theartdesignlab.com\/en\/wp-json\/wp\/v2\/types\/product"}],"wp:featuredmedia":[{"embeddable":true,"href":"https:\/\/www.theartdesignlab.com\/en\/wp-json\/wp\/v2\/media\/9417"}],"wp:attachment":[{"href":"https:\/\/www.theartdesignlab.com\/en\/wp-json\/wp\/v2\/media?parent=9425"}],"wp:term":[{"taxonomy":"product_brand","embeddable":true,"href":"https:\/\/www.theartdesignlab.com\/en\/wp-json\/wp\/v2\/product_brand?post=9425"},{"taxonomy":"product_cat","embeddable":true,"href":"https:\/\/www.theartdesignlab.com\/en\/wp-json\/wp\/v2\/product_cat?post=9425"},{"taxonomy":"product_tag","embeddable":true,"href":"https:\/\/www.theartdesignlab.com\/en\/wp-json\/wp\/v2\/product_tag?post=9425"}],"curies":[{"name":"wp","href":"https:\/\/api.w.org\/{rel}","templated":true}]}}